{"id":706,"date":"2014-11-27T10:37:29","date_gmt":"2014-11-27T10:37:29","guid":{"rendered":"http:\/\/www.soaptheme.net\/wordpress\/travelo\/?page_id=706"},"modified":"2014-11-27T10:37:29","modified_gmt":"2014-11-27T10:37:29","slug":"locations","status":"publish","type":"page","link":"https:\/\/persiantouring.com\/tr\/locations\/","title":{"rendered":"Mekanlar"},"content":{"rendered":"<div class=\"image-box style9 column-5\"><article class=\"box\"><figure><a href=\"https:\/\/persiantouring.com\/tr\/location\/iran\/\" title=\"\u0130ran\" class=\"hover-effect yellow\"><img decoding=\"async\" data-src=\"https:\/\/persiantouring.com\/wp-content\/themes\/Travelo\/images\/blank.jpg\" alt=\"blank-img\" src=\"data:image\/svg+xml;base64,PHN2ZyB3aWR0aD0iMSIgaGVpZ2h0PSIxIiB4bWxucz0iaHR0cDovL3d3dy53My5vcmcvMjAwMC9zdmciPjwvc3ZnPg==\" class=\"lazyload\" style=\"--smush-placeholder-width: 150px; --smush-placeholder-aspect-ratio: 150\/150;\"><\/a><\/figure><div class=\"details\"><h4 class=\"box-title\">\u0130ran<small>463 Activities<\/small><\/h4><a href=\"https:\/\/persiantouring.com\/tr\/location\/iran\/\" title=\"\" class=\"button\">T\u00dcM\u00dcN\u00dc G\u00d6R<\/a><\/div><\/article><\/div>","protected":false},"excerpt":{"rendered":"Iran463 ActivitiesSEE ALL","protected":false},"author":1,"featured_media":0,"parent":0,"menu_order":0,"comment_status":"open","ping_status":"open","template":"templates\/template-with-right-sidebar.php","meta":{"wds_primary_category":0,"_joinchat":[],"footnotes":""},"categories":[],"tags":[],"class_list":["post-706","page","type-page","status-publish","hentry"],"_links":{"self":[{"href":"https:\/\/persiantouring.com\/tr\/wp-json\/wp\/v2\/pages\/706"}],"collection":[{"href":"https:\/\/persiantouring.com\/tr\/wp-json\/wp\/v2\/pages"}],"about":[{"href":"https:\/\/persiantouring.com\/tr\/wp-json\/wp\/v2\/types\/page"}],"author":[{"embeddable":true,"href":"https:\/\/persiantouring.com\/tr\/wp-json\/wp\/v2\/users\/1"}],"replies":[{"embeddable":true,"href":"https:\/\/persiantouring.com\/tr\/wp-json\/wp\/v2\/comments?post=706"}],"version-history":[{"count":0,"href":"https:\/\/persiantouring.com\/tr\/wp-json\/wp\/v2\/pages\/706\/revisions"}],"wp:attachment":[{"href":"https:\/\/persiantouring.com\/tr\/wp-json\/wp\/v2\/media?parent=706"}],"wp:term":[{"taxonomy":"category","embeddable":true,"href":"https:\/\/persiantouring.com\/tr\/wp-json\/wp\/v2\/categories?post=706"},{"taxonomy":"post_tag","embeddable":true,"href":"https:\/\/persiantouring.com\/tr\/wp-json\/wp\/v2\/tags?post=706"}],"curies":[{"name":"wp","href":"https:\/\/api.w.org\/{rel}","templated":true}]}}