{"id":11262,"date":"2017-08-26T16:10:42","date_gmt":"2017-08-26T11:40:42","guid":{"rendered":"http:\/\/persiantouring.com\/?page_id=11262"},"modified":"2017-09-02T14:42:14","modified_gmt":"2017-09-02T10:12:14","slug":"iran-visa-us-uk-canada-citizens","status":"publish","type":"page","link":"https:\/\/persiantouring.com\/tr\/services\/iran-visa-for-us-uk-and-canada-citizens\/","title":{"rendered":"Iran Visa For US, UK and Canada Citizens"},"content":{"rendered":"<div class=\"travelo-box\">\n<div class=\"row\">\n<div class=\"col-md-12\">\n<h1 class=\"title\">Visa Process for US, UK and Candian Passport Holders<\/h1>\n<p>&nbsp;<\/p>\n<p style=\"text-align: justify;\">Cause several Political reasons, there is some difference in the process of getting Iran Tourist Visa for United State, United Kingdom, and Canada Citizens.<\/p>\n<p>The passengers with the <strong>first nationality<\/strong> from this countries should have a passport with 1-year validation.<br \/>\n<img decoding=\"async\" class=\"size-full wp-image-2096 alignright lazyload\" data-src=\"http:\/\/persiantouring.com\/wp-content\/uploads\/2017\/08\/us-uk-and-canada-passport.png\" alt=\"Iran visa application to us, uk and canada citizens\" width=\"450\" height=\"295\" src=\"data:image\/svg+xml;base64,PHN2ZyB3aWR0aD0iMSIgaGVpZ2h0PSIxIiB4bWxucz0iaHR0cDovL3d3dy53My5vcmcvMjAwMC9zdmciPjwvc3ZnPg==\" style=\"--smush-placeholder-width: 450px; --smush-placeholder-aspect-ratio: 450\/295;\" \/><\/p>\n<p>The passengers from this countries should start their visa process 3\u00a0months before their trip.<\/p>\n<p>All Hotels, Tours, and Guides should be booked for this citizens before the visa process<\/p>\n<p style=\"text-align: justify;\"><strong>You can obtain your Iran\u2019s Tourist Visa code in 5 steps:<\/strong><\/p>\n<p>1- Booking Your Tours, Hotels and Guide with us or any provider you need.<\/p>\n<p>Attention: You need a guide registered in Iranian Foreign Minister Guide List. Read More<\/p>\n<p style=\"text-align: justify;\">2- Fill our online visa application and attach you <strong>Complete Job CV<\/strong><\/p>\n<p style=\"text-align: justify;\">3- Pay our 120$ visa service fee in an online process with you PayPal or Credit Cards<\/p>\n<p style=\"text-align: justify;\">4- Wait for 1 to 2 month for Iran Visa Authorized Code. We will be in touch at this time.<\/p>\n<p style=\"text-align: justify;\">5- Three days after receiving the code, going to Iranian Embassy that you chose for the visa. The selectable embassies list is <a href=\"https:\/\/persiantouring.com\/tr\/iranian-embassies-consulates\/\">HERE<\/a>.<\/p>\n<p style=\"text-align: justify;\">6- Get your Iran Tourist Visa in your passport and enjoy your trip<\/p>\n<\/div>\n<\/div>\n<\/div>\n<div class=\"row\">\n<div class=\"col-md-5\">\n<div class=\"travelo-box\">\n<h3 class=\"title\">Need Help?<\/h3>\n<p>Feel free to contact us by filling out the form. we can reach by phone, email, social networks and apps like WhatsApp.<\/p>\n<div class=\"icon-box style5\"><i class=\"soap-icon-address\"><\/i><div class=\"description\"><small>need details?<br \/>\n<\/small><\/p>\n<h5>Click here for a full article about Iran&#8217;s Visa<\/h5>\n<\/div><\/div>\n<p>&nbsp;<\/p>\n<div class=\"icon-box style5\"><i class=\"soap-icon-phone\"><\/i><div class=\"description\"><small>7\/24 a\u00e7\u0131ktay\u0131z<\/small><\/p>\n<h5>+98-911-1455344<\/h5>\n<\/div><\/div>\n<p>&nbsp;<\/p>\n<div class=\"icon-box style5\"><i class=\"soap-icon-message\"><\/i><div class=\"description\"><small>Bize e-posta g\u00f6nder<\/small><\/p>\n<h5>help[at]persiantouring.com<\/h5>\n<\/div><\/div>\n<\/div>\n<div class=\"travelo-box\">\n<h3 class=\"title\" style=\"text-align: justify;\">Why we need your job CV?<\/h3>\n<p style=\"text-align: justify;\">Iranian government through their political reasons have some ban in some type of jobs.<\/p>\n<p>In this rules, the visa process will reject for some type of journalists, Employees in sensitive government jobs, Peoples have some direct contact with Isreal and some others.<\/p>\n<p>Because this rule, we have to send your English Job CV to Iranian Foreign Minister<\/p>\n<h3>Why Three Month?<\/h3>\n<p>The Visa process for citizens of this countries is not online for us. We should print all of your information\u00a0and send it to Iran Foreign Ministry\u00a0by post.<\/p>\n<p>Your process also needs a hard check in ministry. every thing will check several times and with several persons. So this process will take too much time than normal visa process.<\/p>\n<\/div>\n<div class=\"travelo-box\">\n<h3 class=\"title\">Validation, Insurance, and Fees<\/h3>\n<p>The maximum duration for a tourist visa validation is 30 days. If you need some more days, you should go to Iran Tourist Polis to extend this time.<\/p>\n<p>With your Visa, you will charge a payment for trip insurance in Iran Embasseis. this payment is change by trip duration and passengers age. Please read about the Iran Visa Insurance Fee <span style=\"font-size: 14pt;\"><a href=\"https:\/\/persiantouring.com\/tr\/blog\/iran-travel-insurance\/\"><em><strong>HERE<\/strong><\/em><\/a><\/span><\/p>\n<p>In Iranian Airports, you will charge an Entrance Tax. The price for this tax starts from 80$.<\/p>\n<\/div>\n<\/div>\n<div class=\"col-md-7\">\n<div class=\"travelo-box\">\n\n<div class=\"wpcf7 no-js\" id=\"wpcf7-f11317-o1\" lang=\"en-US\" dir=\"ltr\" data-wpcf7-id=\"11317\">\n<div class=\"screen-reader-response\"><p role=\"status\" aria-live=\"polite\" aria-atomic=\"true\"><\/p> <ul><\/ul><\/div>\n<form action=\"\/tr\/wp-json\/wp\/v2\/pages\/11262#wpcf7-f11317-o1\" method=\"post\" class=\"wpcf7-form init\" aria-label=\"Contact form\" enctype=\"multipart\/form-data\" novalidate=\"novalidate\" data-status=\"init\" data-trp-original-action=\"\/tr\/wp-json\/wp\/v2\/pages\/11262#wpcf7-f11317-o1\">\n<div style=\"display: none;\">\n<input type=\"hidden\" name=\"_wpcf7\" value=\"11317\" \/>\n<input type=\"hidden\" name=\"_wpcf7_version\" value=\"6.0.6\" \/>\n<input type=\"hidden\" name=\"_wpcf7_locale\" value=\"en_US\" \/>\n<input type=\"hidden\" name=\"_wpcf7_unit_tag\" value=\"wpcf7-f11317-o1\" \/>\n<input type=\"hidden\" name=\"_wpcf7_container_post\" value=\"0\" \/>\n<input type=\"hidden\" name=\"_wpcf7_posted_data_hash\" value=\"\" \/>\n<input type=\"hidden\" name=\"_wpcf7_recaptcha_response\" value=\"\" \/>\n<\/div>\n<h3 class=\"title\">Your Personal Information\n<\/h3>\n<div class=\"row\">\n\t<div class=\"col-sm-4\">\n\t\t<div class=\"form-group\">\n\t\t\t<p><label>Given Name (First Name)<\/label><span class=\"wpcf7-form-control-wrap\" data-name=\"first-name\"><input size=\"40\" maxlength=\"400\" class=\"wpcf7-form-control wpcf7-text wpcf7-validates-as-required\" aria-required=\"true\" aria-invalid=\"false\" value=\"\" type=\"text\" name=\"first-name\" \/><\/span>\n\t\t\t<\/p>\n\t\t<\/div>\n\t\t<div class=\"form-group\">\n\t\t\t<p><label>Surname (Family Name)<\/label><span class=\"wpcf7-form-control-wrap\" data-name=\"family-name\"><input size=\"40\" maxlength=\"400\" class=\"wpcf7-form-control wpcf7-text wpcf7-validates-as-required\" aria-required=\"true\" aria-invalid=\"false\" value=\"\" type=\"text\" name=\"family-name\" \/><\/span>\n\t\t\t<\/p>\n\t\t<\/div>\n\t\t<div class=\"form-group\">\n\t\t\t<p><label>Gender<\/label><span class=\"wpcf7-form-control-wrap\" data-name=\"gender\"><span class=\"wpcf7-form-control wpcf7-radio\"><span class=\"wpcf7-list-item first\"><label><span class=\"wpcf7-list-item-label\">Male<\/span><input type=\"radio\" name=\"gender\" value=\"Male\" checked=\"checked\" \/><\/label><\/span><span class=\"wpcf7-list-item last\"><label><span class=\"wpcf7-list-item-label\">Female<\/span><input type=\"radio\" name=\"gender\" value=\"Female\" \/><\/label><\/span><\/span><\/span>\n\t\t\t<\/p>\n\t\t<\/div>\n\t<\/div>\n\t<div class=\"col-sm-4\">\n\t\t<div class=\"form-group\">\n\t\t\t<p><label>Nationality<\/label><span class=\"wpcf7-form-control-wrap\" data-name=\"nationality\"><input size=\"40\" maxlength=\"400\" class=\"wpcf7-form-control wpcf7-text wpcf7-validates-as-required\" aria-required=\"true\" aria-invalid=\"false\" value=\"\" type=\"text\" name=\"nationality\" \/><\/span>\n\t\t\t<\/p>\n\t\t<\/div>\n\t\t<div class=\"form-group\">\n\t\t\t<p><label>Father's Full Name<\/label><span class=\"wpcf7-form-control-wrap\" data-name=\"father-name\"><input size=\"40\" maxlength=\"400\" class=\"wpcf7-form-control wpcf7-text wpcf7-validates-as-required\" aria-required=\"true\" aria-invalid=\"false\" value=\"\" type=\"text\" name=\"father-name\" \/><\/span>\n\t\t\t<\/p>\n\t\t<\/div>\n\t\t<div class=\"form-group\">\n\t\t\t<p><label>Marital Status<\/label><span class=\"wpcf7-form-control-wrap\" data-name=\"marital\"><span class=\"wpcf7-form-control wpcf7-radio\"><span class=\"wpcf7-list-item first\"><label><span class=\"wpcf7-list-item-label\">Single<\/span><input type=\"radio\" name=\"marital\" value=\"Single\" checked=\"checked\" \/><\/label><\/span><span class=\"wpcf7-list-item last\"><label><span class=\"wpcf7-list-item-label\">Married<\/span><input type=\"radio\" name=\"marital\" value=\"Married\" \/><\/label><\/span><\/span><\/span>\n\t\t\t<\/p>\n\t\t<\/div>\n\t<\/div>\n\t<div class=\"col-sm-4\">\n\t\t<div class=\"form-group\">\n\t\t\t<p><label>Date of Birth<\/label><span class=\"wpcf7-form-control-wrap\" data-name=\"birth-date\"><input size=\"40\" maxlength=\"400\" class=\"wpcf7-form-control wpcf7-text wpcf7-validates-as-required\" aria-required=\"true\" aria-invalid=\"false\" placeholder=\"Year\/Month\/Day\" value=\"\" type=\"text\" name=\"birth-date\" \/><\/span>\n\t\t\t<\/p>\n\t\t<\/div>\n\t\t<div class=\"form-group\">\n\t\t\t<p><label>Place of Birth<\/label><span class=\"wpcf7-form-control-wrap\" data-name=\"place-of-birth\"><input size=\"40\" maxlength=\"400\" class=\"wpcf7-form-control wpcf7-text wpcf7-validates-as-required\" aria-required=\"true\" aria-invalid=\"false\" value=\"\" type=\"text\" name=\"place-of-birth\" \/><\/span>\n\t\t\t<\/p>\n\t\t<\/div>\n\t<\/div>\n<\/div>\n<div class=\"row\">\n\t<div class=\"col-sm-6\">\n\t\t<div class=\"form-group\">\n\t\t\t<p><label>Former Nationality (if you had)<\/label><span class=\"wpcf7-form-control-wrap\" data-name=\"former-nationality\"><input size=\"40\" maxlength=\"400\" class=\"wpcf7-form-control wpcf7-text wpcf7-validates-as-required\" aria-required=\"true\" aria-invalid=\"false\" value=\"\" type=\"text\" name=\"former-nationality\" \/><\/span>\n\t\t\t<\/p>\n\t\t<\/div>\n\t\t<div class=\"form-group\">\n\t\t\t<p><label>Occupation (job)<\/label><span class=\"wpcf7-form-control-wrap\" data-name=\"job\"><input size=\"40\" maxlength=\"400\" class=\"wpcf7-form-control wpcf7-text wpcf7-validates-as-required\" aria-required=\"true\" aria-invalid=\"false\" value=\"\" type=\"text\" name=\"job\" \/><\/span>\n\t\t\t<\/p>\n\t\t<\/div>\n\t\t<div class=\"form-group\">\n\t\t\t<p><label>Field of activity<\/label><span class=\"wpcf7-form-control-wrap\" data-name=\"activity\"><input size=\"40\" maxlength=\"400\" class=\"wpcf7-form-control wpcf7-text wpcf7-validates-as-required\" aria-required=\"true\" aria-invalid=\"false\" value=\"\" type=\"text\" name=\"activity\" \/><\/span>\n\t\t\t<\/p>\n\t\t<\/div>\n\t<\/div>\n\t<div class=\"col-sm-6\">\n\t\t<div class=\"form-group\">\n\t\t\t<p><label>Employer Name<\/label><span class=\"wpcf7-form-control-wrap\" data-name=\"employer\"><input size=\"40\" maxlength=\"400\" class=\"wpcf7-form-control wpcf7-text wpcf7-validates-as-required\" aria-required=\"true\" aria-invalid=\"false\" value=\"\" type=\"text\" name=\"employer\" \/><\/span>\n\t\t\t<\/p>\n\t\t<\/div>\n\t\t<div class=\"form-group\">\n\t\t\t<p><label>Job title<\/label><span class=\"wpcf7-form-control-wrap\" data-name=\"job-title\"><input size=\"40\" maxlength=\"400\" class=\"wpcf7-form-control wpcf7-text wpcf7-validates-as-required\" aria-required=\"true\" aria-invalid=\"false\" value=\"\" type=\"text\" name=\"job-title\" \/><\/span>\n\t\t\t<\/p>\n\t\t<\/div>\n\t<\/div>\n<\/div>\n<h3 class=\"title\">Your Passport Details\n<\/h3>\n<div class=\"row\">\n\t<div class=\"col-sm-3\">\n\t\t<div class=\"form-group\">\n\t\t\t<p><label>Passport No.<\/label><span class=\"wpcf7-form-control-wrap\" data-name=\"passport-no\"><input size=\"40\" maxlength=\"400\" class=\"wpcf7-form-control wpcf7-text wpcf7-validates-as-required\" aria-required=\"true\" aria-invalid=\"false\" value=\"\" type=\"text\" name=\"passport-no\" \/><\/span>\n\t\t\t<\/p>\n\t\t<\/div>\n\t\t<div class=\"form-group\">\n\t\t\t<p><label>Photo<\/label><span class=\"wpcf7-form-control-wrap\" data-name=\"Photo\"><input size=\"40\" class=\"wpcf7-form-control wpcf7-file wpcf7-validates-as-required\" accept=\".jpg,.png,.pdf\" aria-required=\"true\" aria-invalid=\"false\" type=\"file\" name=\"Photo\" \/><\/span>\n\t\t\t<\/p>\n\t\t<\/div>\n\t<\/div>\n\t<div class=\"col-sm-3\">\n\t\t<div class=\"form-group\">\n\t\t\t<p><label>Place of Issue<\/label><span class=\"wpcf7-form-control-wrap\" data-name=\"place-of-issue\"><input size=\"40\" maxlength=\"400\" class=\"wpcf7-form-control wpcf7-text wpcf7-validates-as-required\" aria-required=\"true\" aria-invalid=\"false\" value=\"\" type=\"text\" name=\"place-of-issue\" \/><\/span>\n\t\t\t<\/p>\n\t\t<\/div>\n\t\t<div class=\"form-group\">\n\t\t\t<p><label>Image of Passport<\/label><span class=\"wpcf7-form-control-wrap\" data-name=\"Passport\"><input size=\"40\" class=\"wpcf7-form-control wpcf7-file wpcf7-validates-as-required\" accept=\".jpg,.png,.pdf\" aria-required=\"true\" aria-invalid=\"false\" type=\"file\" name=\"Passport\" \/><\/span>\n\t\t\t<\/p>\n\t\t<\/div>\n\t<\/div>\n\t<div class=\"col-sm-3\">\n\t\t<div class=\"form-group\">\n\t\t\t<p><label>Date of Issue<\/label><span class=\"wpcf7-form-control-wrap\" data-name=\"issue-date\"><input size=\"40\" maxlength=\"400\" class=\"wpcf7-form-control wpcf7-text wpcf7-validates-as-required\" aria-required=\"true\" aria-invalid=\"false\" placeholder=\"Year\/Month\/Day\" value=\"\" type=\"text\" name=\"issue-date\" \/><\/span>\n\t\t\t<\/p>\n\t\t<\/div>\n\t\t<div class=\"form-group\">\n\t\t\t<p><label>Job CV<\/label><span class=\"wpcf7-form-control-wrap\" data-name=\"Photo\"><input size=\"40\" class=\"wpcf7-form-control wpcf7-file wpcf7-validates-as-required\" accept=\".jpg,.png,.pdf\" aria-required=\"true\" aria-invalid=\"false\" type=\"file\" name=\"Photo\" \/><\/span>\n\t\t\t<\/p>\n\t\t<\/div>\n\t<\/div>\n\t<div class=\"col-sm-3\">\n\t\t<div class=\"form-group\">\n\t\t\t<p><label>Date of Expiry<\/label><span class=\"wpcf7-form-control-wrap\" data-name=\"expire-date\"><input size=\"40\" maxlength=\"400\" class=\"wpcf7-form-control wpcf7-text wpcf7-validates-as-required\" aria-required=\"true\" aria-invalid=\"false\" placeholder=\"Year\/Month\/Day\" value=\"\" type=\"text\" name=\"expire-date\" \/><\/span>\n\t\t\t<\/p>\n\t\t<\/div>\n\t<\/div>\n<\/div>\n<h3 class=\"title\">Your Trip Details\n<\/h3>\n<div class=\"row\">\n\t<div class=\"col-sm-6\">\n\t\t<div class=\"form-group\">\n\t\t\t<p><label>Where you want to get the Visa? <a href=\"https:\/\/persiantouring.com\/tr\/iranian-embassies-consulates\/\">Available Places<\/a><\/label><span class=\"wpcf7-form-control-wrap\" data-name=\"first-name\"><input size=\"40\" maxlength=\"400\" class=\"wpcf7-form-control wpcf7-text wpcf7-validates-as-required\" aria-required=\"true\" aria-invalid=\"false\" value=\"\" type=\"text\" name=\"first-name\" \/><\/span>\n\t\t\t<\/p>\n\t\t<\/div>\n\t\t<div class=\"form-group\">\n\t\t\t<p><label>Estimated date for visa collection:<\/label><span class=\"wpcf7-form-control-wrap\" data-name=\"collection-place\"><input size=\"40\" maxlength=\"400\" class=\"wpcf7-form-control wpcf7-text wpcf7-validates-as-required\" aria-required=\"true\" aria-invalid=\"false\" placeholder=\"Year\/Month\/Day\" value=\"\" type=\"text\" name=\"collection-place\" \/><\/span>\n\t\t\t<\/p>\n\t\t<\/div>\n\t\t<div class=\"form-group\">\n\t\t\t<p><label>How many times have you visited Iran?<\/label><span class=\"wpcf7-form-control-wrap\" data-name=\"mo-of-visit\"><input size=\"40\" maxlength=\"400\" class=\"wpcf7-form-control wpcf7-text wpcf7-validates-as-required\" aria-required=\"true\" aria-invalid=\"false\" value=\"\" type=\"text\" name=\"mo-of-visit\" \/><\/span>\n\t\t\t<\/p>\n\t\t<\/div>\n\t\t<div class=\"form-group\">\n\t\t\t<p><label>Last entry to Iran<\/label><span class=\"wpcf7-form-control-wrap\" data-name=\"last-entry\"><input size=\"40\" maxlength=\"400\" class=\"wpcf7-form-control wpcf7-text wpcf7-validates-as-required\" aria-required=\"true\" aria-invalid=\"false\" placeholder=\"Year\/Month\/Day\" value=\"\" type=\"text\" name=\"last-entry\" \/><\/span>\n\t\t\t<\/p>\n\t\t<\/div>\n\t\t<div class=\"form-group\">\n\t\t\t<p><label>Planned Date of Entry<\/label><span class=\"wpcf7-form-control-wrap\" data-name=\"entry-date\"><input size=\"40\" maxlength=\"400\" class=\"wpcf7-form-control wpcf7-text wpcf7-validates-as-required\" aria-required=\"true\" aria-invalid=\"false\" placeholder=\"Year\/Month\/Day\" value=\"\" type=\"text\" name=\"entry-date\" \/><\/span>\n\t\t\t<\/p>\n\t\t<\/div>\n\t<\/div>\n\t<div class=\"col-sm-6\">\n\t\t<div class=\"form-group\">\n\t\t\t<p><label>Planned Stay<\/label><span class=\"wpcf7-form-control-wrap\" data-name=\"stay-no\"><input size=\"40\" maxlength=\"400\" class=\"wpcf7-form-control wpcf7-text wpcf7-validates-as-required\" aria-required=\"true\" aria-invalid=\"false\" value=\"\" type=\"text\" name=\"stay-no\" \/><\/span>\n\t\t\t<\/p>\n\t\t<\/div>\n\t\t<div class=\"form-group\">\n\t\t\t<p><label> Planned Point of Entry<\/label><span class=\"wpcf7-form-control-wrap\" data-name=\"entry-point\"><input size=\"40\" maxlength=\"400\" class=\"wpcf7-form-control wpcf7-text wpcf7-validates-as-required\" aria-required=\"true\" aria-invalid=\"false\" value=\"\" type=\"text\" name=\"entry-point\" \/><\/span>\n\t\t\t<\/p>\n\t\t<\/div>\n\t\t<div class=\"form-group\">\n\t\t\t<p><label>Planned Itinerary<\/label><span class=\"wpcf7-form-control-wrap\" data-name=\"itinerary\"><textarea cols=\"40\" rows=\"10\" maxlength=\"2000\" class=\"wpcf7-form-control wpcf7-textarea wpcf7-validates-as-required\" aria-required=\"true\" aria-invalid=\"false\" placeholder=\"holder\" name=\"itinerary\"><\/textarea><\/span>\n\t\t\t<\/p>\n\t\t<\/div>\n\t<\/div>\n<\/div>\n<h3 class=\"title\">Your Contact Information\n<\/h3>\n<div class=\"row\">\n\t<div class=\"col-sm-6\">\n\t\t<div class=\"form-group\">\n\t\t\t<p><label>Email Address<\/label><span class=\"wpcf7-form-control-wrap\" data-name=\"email-523\"><input size=\"40\" maxlength=\"400\" class=\"wpcf7-form-control wpcf7-email wpcf7-validates-as-required wpcf7-text wpcf7-validates-as-email\" aria-required=\"true\" aria-invalid=\"false\" value=\"\" type=\"email\" name=\"email-523\" \/><\/span>\n\t\t\t<\/p>\n\t\t<\/div>\n\t<\/div>\n\t<div class=\"col-sm-6\">\n\t\t<div class=\"form-group\">\n\t\t\t<p><label>Tell No (With Country Code)<\/label><span class=\"wpcf7-form-control-wrap\" data-name=\"phone\"><input size=\"40\" maxlength=\"400\" class=\"wpcf7-form-control wpcf7-text wpcf7-validates-as-required\" aria-required=\"true\" aria-invalid=\"false\" value=\"\" type=\"text\" name=\"phone\" \/><\/span>\n\t\t\t<\/p>\n\t\t<\/div>\n\t<\/div>\n<\/div>\n<div class=\"row\">\n\t<div class=\"col-sm-6\">\n\t\t<div class=\"form-group\">\n\t\t\t<p><label>Home Address<\/label><span class=\"wpcf7-form-control-wrap\" data-name=\"address\"><textarea cols=\"40\" rows=\"10\" maxlength=\"2000\" class=\"wpcf7-form-control wpcf7-textarea wpcf7-validates-as-required\" aria-required=\"true\" aria-invalid=\"false\" placeholder=\"Home Address\" name=\"address\"><\/textarea><\/span>\n\t\t\t<\/p>\n\t\t<\/div>\n\t<\/div>\n\t<div class=\"col-sm-6\">\n\t\t<div class=\"form-group\">\n\t\t\t<p><label>Any Comments & Questions ?<\/label><span class=\"wpcf7-form-control-wrap\" data-name=\"comment\"><textarea cols=\"40\" rows=\"10\" maxlength=\"2000\" class=\"wpcf7-form-control wpcf7-textarea wpcf7-validates-as-required\" aria-required=\"true\" aria-invalid=\"false\" placeholder=\"Comment\" name=\"comment\"><\/textarea><\/span>\n\t\t\t<\/p>\n\t\t<\/div>\n\t<\/div>\n<\/div>\n<div class=\"col-sms-offset-6 col-sm-offset-6 col-md-offset-8 col-lg-offset-9\">\n\t<p><input class=\"wpcf7-form-control wpcf7-submit has-spinner\" type=\"submit\" value=\"Submit\" \/>\n\t<\/p>\n<\/div><p style=\"display: none !important;\" class=\"akismet-fields-container\" data-prefix=\"_wpcf7_ak_\"><label>&#916;<textarea name=\"_wpcf7_ak_hp_textarea\" cols=\"45\" rows=\"8\" maxlength=\"100\"><\/textarea><\/label><input type=\"hidden\" id=\"ak_js_1\" name=\"_wpcf7_ak_js\" value=\"10\"\/><script>document.getElementById( \"ak_js_1\" ).setAttribute( \"value\", ( new Date() ).getTime() );<\/script><\/p><div class=\"wpcf7-response-output\" aria-hidden=\"true\"><\/div>\n<input type=\"hidden\" name=\"trp-form-language\" value=\"tr\"\/><\/form>\n<\/div>\n<br \/>\n<\/div>\n<\/div>\n<\/div>","protected":false},"excerpt":{"rendered":"Visa Process for US, UK and Candian Passport Holders &nbsp; Cause several Political reasons, there is some difference in the process of getting Iran Tourist Visa for United State, United Kingdom, and Canada Citizens. The passengers with the first nationality from this countries should have a passport with 1-year validation. The passengers from this countries [...]","protected":false},"author":1,"featured_media":0,"parent":11341,"menu_order":0,"comment_status":"closed","ping_status":"closed","template":"","meta":{"wds_primary_category":0,"_joinchat":[],"footnotes":""},"class_list":["post-11262","page","type-page","status-publish","hentry"],"_links":{"self":[{"href":"https:\/\/persiantouring.com\/tr\/wp-json\/wp\/v2\/pages\/11262"}],"collection":[{"href":"https:\/\/persiantouring.com\/tr\/wp-json\/wp\/v2\/pages"}],"about":[{"href":"https:\/\/persiantouring.com\/tr\/wp-json\/wp\/v2\/types\/page"}],"author":[{"embeddable":true,"href":"https:\/\/persiantouring.com\/tr\/wp-json\/wp\/v2\/users\/1"}],"replies":[{"embeddable":true,"href":"https:\/\/persiantouring.com\/tr\/wp-json\/wp\/v2\/comments?post=11262"}],"version-history":[{"count":0,"href":"https:\/\/persiantouring.com\/tr\/wp-json\/wp\/v2\/pages\/11262\/revisions"}],"up":[{"embeddable":true,"href":"https:\/\/persiantouring.com\/tr\/wp-json\/wp\/v2\/pages\/11341"}],"wp:attachment":[{"href":"https:\/\/persiantouring.com\/tr\/wp-json\/wp\/v2\/media?parent=11262"}],"curies":[{"name":"wp","href":"https:\/\/api.w.org\/{rel}","templated":true}]}}