{"id":10888,"date":"2017-08-10T11:02:06","date_gmt":"2017-08-10T06:32:06","guid":{"rendered":"http:\/\/persiantouring.com\/?page_id=10888"},"modified":"2020-04-21T14:32:10","modified_gmt":"2020-04-21T10:02:10","slug":"travel-guide","status":"publish","type":"page","link":"https:\/\/persiantouring.com\/fr\/travel-guide\/","title":{"rendered":"Guide de voyage"},"content":{"rendered":"<div class=\"container\">\n<div class=\"row\">\n<div class=\"col-lg-9\">\n<div class=\"block\">\n<div class=\"flexslider photo-gallery style4\"><ul class=\"slides\">\n<li><img decoding=\"async\" data-src=\"http:\/\/persiantouring.com\/wp-content\/uploads\/2017\/10\/Iran-1.jpg\" alt=\"Visit Iran\" src=\"data:image\/svg+xml;base64,PHN2ZyB3aWR0aD0iMSIgaGVpZ2h0PSIxIiB4bWxucz0iaHR0cDovL3d3dy53My5vcmcvMjAwMC9zdmciPjwvc3ZnPg==\" class=\"lazyload\" \/><\/li>\n<li><img decoding=\"async\" data-src=\"http:\/\/persiantouring.com\/wp-content\/uploads\/2017\/10\/iran-3.jpg\" alt=\"Visit Iran\" src=\"data:image\/svg+xml;base64,PHN2ZyB3aWR0aD0iMSIgaGVpZ2h0PSIxIiB4bWxucz0iaHR0cDovL3d3dy53My5vcmcvMjAwMC9zdmciPjwvc3ZnPg==\" class=\"lazyload\" \/><\/li>\n<li><img decoding=\"async\" data-src=\"http:\/\/persiantouring.com\/wp-content\/uploads\/2017\/10\/iran-4.jpg\" alt=\"Visit Iran\" src=\"data:image\/svg+xml;base64,PHN2ZyB3aWR0aD0iMSIgaGVpZ2h0PSIxIiB4bWxucz0iaHR0cDovL3d3dy53My5vcmcvMjAwMC9zdmciPjwvc3ZnPg==\" class=\"lazyload\" \/><\/li>\n<li><img decoding=\"async\" data-src=\"http:\/\/persiantouring.com\/wp-content\/uploads\/2017\/10\/iran-2.jpg\" alt=\"Visit Iran\" src=\"data:image\/svg+xml;base64,PHN2ZyB3aWR0aD0iMSIgaGVpZ2h0PSIxIiB4bWxucz0iaHR0cDovL3d3dy53My5vcmcvMjAwMC9zdmciPjwvc3ZnPg==\" class=\"lazyload\" \/><\/li>\n<\/ul><\/div>\n<\/div>\n<\/div>\n<div class=\"col-md-3\">\n<div class=\"block\">\n<a href=\"http:\/\/persiantouring.com\/fr\/category\/about-iran\/\" class=\"button btn-extra yellow\" target=\"_self\"><div class=\"icon-wrap\"><i class=\"soap-icon-hotel-1\"><\/i><\/div><span>Read More About Iran<br \/>\n<em>Travel Tips<\/em><\/span><\/a>\n<a href=\"http:\/\/persiantouring.com\/fr\/location\/iran\/\" class=\"button btn-extra blue\" target=\"_self\"><div class=\"icon-wrap\"><i class=\"soap-icon-adventure\"><\/i><\/div><span>Read More About Iran<br \/>\n<em>Attractions<\/em><\/span><\/a>\n<a href=\"https:\/\/persiantouring.com\/fr\/travel-guide\/cities\/\" class=\"button btn-extra red\" target=\"_self\"><div class=\"icon-wrap\"><i class=\"soap-icon-plane\"><\/i><\/div><span>Read More About Iran<br \/>\n<em>Cities Guide<\/em><\/span><\/a>\n<a href=\"http:\/\/persiantouring.com\/fr\/blog\/\" class=\"button btn-extra yellow\" target=\"_self\"><div class=\"icon-wrap\"><i class=\"soap-icon-balloon\"><\/i><\/div><span>Read More About Iran<br \/>\n<em>Our Blog<\/em><\/span><\/a>\n<\/div>\n<\/div>\n<h3>Top Travel Tips<\/h3>\n<\/div>\n<div class=\"block\">\n<div class=\"row\">\n<div class=\"row image-box style10\"><div class='col-sm-6 col-sms-6 col-md-3'>            <article class=\"box post\">\r\n                                    <figure>\r\n                        <a href=\"https:\/\/persiantouring.com\/fr\/blog\/iran-money-currency\/\" data-post_id=\"8381\" class=\"hover-effect\"><img decoding=\"async\" width=\"270\" height=\"160\" data-src=\"https:\/\/persiantouring.com\/wp-content\/uploads\/2016\/01\/first-270x160.jpg\" class=\"attachment-gallery-thumb size-gallery-thumb wp-post-image lazyload\" alt=\"first\" data-srcset=\"https:\/\/persiantouring.com\/wp-content\/uploads\/2016\/01\/first-270x160.jpg 270w, https:\/\/persiantouring.com\/wp-content\/uploads\/2016\/01\/first-204x120.jpg 204w\" data-sizes=\"(max-width: 270px) 100vw, 270px\" src=\"data:image\/svg+xml;base64,PHN2ZyB3aWR0aD0iMSIgaGVpZ2h0PSIxIiB4bWxucz0iaHR0cDovL3d3dy53My5vcmcvMjAwMC9zdmciPjwvc3ZnPg==\" style=\"--smush-placeholder-width: 270px; --smush-placeholder-aspect-ratio: 270\/160;\" \/><\/a>\r\n                        <figcaption class=\"entry-date\"><label class=\"date\">22<\/label><label class=\"month\">Jan<\/label><\/figcaption>\r\n                    <\/figure>\r\n                                <div class=\"details\">\r\n                    \r\n                        <a href=\"https:\/\/persiantouring.com\/fr\/blog\/iran-money-currency\/\" class=\"button\">PLUS<\/a>\r\n                        <h4 class=\"post-title entry-title\">Iran argent et monnaie<\/h4>\r\n                        <div>Whether you\u2019re a backpacker traveling to Iran on a budget, or an all-the-frills luxury traveler, you\u2019re going to need to<\/div>\r\n                        <div class=\"post-meta single-line-meta vcard\">\r\n                            By <span class=\"fn\"><a href=\"https:\/\/persiantouring.com\/fr\/author\/admin\/\" title=\"Articles par admin\" rel=\"author\">administrateur<\/a><\/span><span class=\"sep\">|<\/span>\r\n                            <a href=\"https:\/\/persiantouring.com\/fr\/blog\/iran-money-currency\/#respond\" class=\"comment\">Aucun commentaire<\/a>\r\n                        <\/div>\r\n\r\n                                    <\/div>\r\n            <\/article>\r\n\r\n        <\/div><div class='col-sm-6 col-sms-6 col-md-3'>            <article class=\"box post\">\r\n                                    <figure>\r\n                        <a href=\"https:\/\/persiantouring.com\/fr\/blog\/prepaid-sim-card-iran\/\" data-post_id=\"8403\" class=\"hover-effect\"><img decoding=\"async\" width=\"270\" height=\"160\" data-src=\"https:\/\/persiantouring.com\/wp-content\/uploads\/2016\/01\/simcard-270x160.jpg\" class=\"attachment-gallery-thumb size-gallery-thumb wp-post-image lazyload\" alt=\"simcard\" data-srcset=\"https:\/\/persiantouring.com\/wp-content\/uploads\/2016\/01\/simcard-270x160.jpg 270w, https:\/\/persiantouring.com\/wp-content\/uploads\/2016\/01\/simcard-204x120.jpg 204w\" data-sizes=\"(max-width: 270px) 100vw, 270px\" src=\"data:image\/svg+xml;base64,PHN2ZyB3aWR0aD0iMSIgaGVpZ2h0PSIxIiB4bWxucz0iaHR0cDovL3d3dy53My5vcmcvMjAwMC9zdmciPjwvc3ZnPg==\" style=\"--smush-placeholder-width: 270px; --smush-placeholder-aspect-ratio: 270\/160;\" \/><\/a>\r\n                        <figcaption class=\"entry-date\"><label class=\"date\">28<\/label><label class=\"month\">Jan<\/label><\/figcaption>\r\n                    <\/figure>\r\n                                <div class=\"details\">\r\n                    \r\n                        <a href=\"https:\/\/persiantouring.com\/fr\/blog\/prepaid-sim-card-iran\/\" class=\"button\">PLUS<\/a>\r\n                        <h4 class=\"post-title entry-title\">Carte SIM pr\u00e9pay\u00e9e en Iran<\/h4>\r\n                        <div>Same as other touristic countries, in Iran, you can buy a prepaid Sim card for a call to your country<\/div>\r\n                        <div class=\"post-meta single-line-meta vcard\">\r\n                            By <span class=\"fn\"><a href=\"https:\/\/persiantouring.com\/fr\/author\/admin\/\" title=\"Articles par admin\" rel=\"author\">administrateur<\/a><\/span><span class=\"sep\">|<\/span>\r\n                            <a href=\"https:\/\/persiantouring.com\/fr\/blog\/prepaid-sim-card-iran\/#respond\" class=\"comment\">Aucun commentaire<\/a>\r\n                        <\/div>\r\n\r\n                                    <\/div>\r\n            <\/article>\r\n\r\n        <\/div><div class='col-sm-6 col-sms-6 col-md-3'>            <article class=\"box post\">\r\n                                    <figure>\r\n                        <a href=\"https:\/\/persiantouring.com\/fr\/blog\/iranian-food-and-drink-in-iran\/\" data-post_id=\"6613\" class=\"hover-effect\"><img decoding=\"async\" width=\"270\" height=\"160\" data-src=\"https:\/\/persiantouring.com\/wp-content\/uploads\/2015\/10\/iranian-food-and-drinks-270x160.jpg\" class=\"attachment-gallery-thumb size-gallery-thumb wp-post-image lazyload\" alt=\"iranian-food-and-drinks\" data-srcset=\"https:\/\/persiantouring.com\/wp-content\/uploads\/2015\/10\/iranian-food-and-drinks-270x160.jpg 270w, https:\/\/persiantouring.com\/wp-content\/uploads\/2015\/10\/iranian-food-and-drinks-204x120.jpg 204w\" data-sizes=\"(max-width: 270px) 100vw, 270px\" src=\"data:image\/svg+xml;base64,PHN2ZyB3aWR0aD0iMSIgaGVpZ2h0PSIxIiB4bWxucz0iaHR0cDovL3d3dy53My5vcmcvMjAwMC9zdmciPjwvc3ZnPg==\" style=\"--smush-placeholder-width: 270px; --smush-placeholder-aspect-ratio: 270\/160;\" \/><\/a>\r\n                        <figcaption class=\"entry-date\"><label class=\"date\">22<\/label><label class=\"month\">Oct<\/label><\/figcaption>\r\n                    <\/figure>\r\n                                <div class=\"details\">\r\n                    \r\n                        <a href=\"https:\/\/persiantouring.com\/fr\/blog\/iranian-food-and-drink-in-iran\/\" class=\"button\">PLUS<\/a>\r\n                        <h4 class=\"post-title entry-title\">Nourriture et boissons iraniennes en Iran<\/h4>\r\n                        <div>In a trip to new countries, food and drink can be so nice or so bad. the important thing is<\/div>\r\n                        <div class=\"post-meta single-line-meta vcard\">\r\n                            By <span class=\"fn\"><a href=\"https:\/\/persiantouring.com\/fr\/author\/admin\/\" title=\"Articles par admin\" rel=\"author\">administrateur<\/a><\/span><span class=\"sep\">|<\/span>\r\n                            <a href=\"https:\/\/persiantouring.com\/fr\/blog\/iranian-food-and-drink-in-iran\/#respond\" class=\"comment\">Aucun commentaire<\/a>\r\n                        <\/div>\r\n\r\n                                    <\/div>\r\n            <\/article>\r\n\r\n        <\/div><div class='col-sm-6 col-sms-6 col-md-3'>            <article class=\"box post\">\r\n                                    <figure>\r\n                        <a href=\"https:\/\/persiantouring.com\/fr\/blog\/what-to-wear-in-iran\/\" data-post_id=\"14401\" class=\"hover-effect\"><img decoding=\"async\" width=\"270\" height=\"160\" data-src=\"https:\/\/persiantouring.com\/wp-content\/uploads\/2017\/11\/what-to-wear-in-iran-1-270x160.jpg\" class=\"attachment-gallery-thumb size-gallery-thumb wp-post-image lazyload\" alt=\"what-to-wear-in-iran\" data-srcset=\"https:\/\/persiantouring.com\/wp-content\/uploads\/2017\/11\/what-to-wear-in-iran-1-270x160.jpg 270w, https:\/\/persiantouring.com\/wp-content\/uploads\/2017\/11\/what-to-wear-in-iran-1-204x120.jpg 204w\" data-sizes=\"(max-width: 270px) 100vw, 270px\" src=\"data:image\/svg+xml;base64,PHN2ZyB3aWR0aD0iMSIgaGVpZ2h0PSIxIiB4bWxucz0iaHR0cDovL3d3dy53My5vcmcvMjAwMC9zdmciPjwvc3ZnPg==\" style=\"--smush-placeholder-width: 270px; --smush-placeholder-aspect-ratio: 270\/160;\" \/><\/a>\r\n                        <figcaption class=\"entry-date\"><label class=\"date\">03<\/label><label class=\"month\">Nov<\/label><\/figcaption>\r\n                    <\/figure>\r\n                                <div class=\"details\">\r\n                    \r\n                        <a href=\"https:\/\/persiantouring.com\/fr\/blog\/what-to-wear-in-iran\/\" class=\"button\">PLUS<\/a>\r\n                        <h4 class=\"post-title entry-title\">Que porter en Iran?<\/h4>\r\n                        <div>Iran is a special Muslim\u00a0country with special rules for dress. This rule is for men and women. So all the<\/div>\r\n                        <div class=\"post-meta single-line-meta vcard\">\r\n                            By <span class=\"fn\"><a href=\"https:\/\/persiantouring.com\/fr\/author\/admin\/\" title=\"Articles par admin\" rel=\"author\">administrateur<\/a><\/span><span class=\"sep\">|<\/span>\r\n                            <a href=\"https:\/\/persiantouring.com\/fr\/blog\/what-to-wear-in-iran\/#respond\" class=\"comment\">Aucun commentaire<\/a>\r\n                        <\/div>\r\n\r\n                                    <\/div>\r\n            <\/article>\r\n\r\n        <\/div><\/div>\n<\/div>\n<\/div>\n<h3>Top Travel Guides<\/h3>\n<div class=\"large-block\">\n<div class=\"image-box style2\">\n<div class=\"row\">\n<div class=\"col-sm-6 one-half\">\n<article class=\"box\">\n<figure><a href=\"https:\/\/persiantouring.com\/fr\/travel-guide\/isfahan\/\" title=\"\" class=\"opacity\"><img decoding=\"async\" data-src=\"http:\/\/persiantouring.com\/wp-content\/uploads\/2014\/11\/naqshe-jahan-square-isfahan-2.jpg\" alt=\"imageframe-image\" width=\"272\" height=\"192\" src=\"data:image\/svg+xml;base64,PHN2ZyB3aWR0aD0iMSIgaGVpZ2h0PSIxIiB4bWxucz0iaHR0cDovL3d3dy53My5vcmcvMjAwMC9zdmciPjwvc3ZnPg==\" class=\"lazyload\" style=\"--smush-placeholder-width: 272px; --smush-placeholder-aspect-ratio: 272\/192;\" \/><span class=\"opacity-wrapper\"><\/span><\/a><\/figure>\n<div class=\"details\">\n<h4>Travel Guide to Isfahan<\/h4>\n<p>Choses \u00e0 faire et conseils de voyage \u00e0 Isfahan<\/p>\n<a href=\"https:\/\/persiantouring.com\/fr\/travel-guide\/isfahan\/\" class=\"button\" target=\"_self\">MORE INFORMATION<\/a>\n<\/div>\n<\/article>\n<\/div>\n<div class=\"col-sm-6 one-half\">\n<article class=\"box\">\n<figure><a href=\"https:\/\/persiantouring.com\/fr\/travel-guide\/tehran\/\" title=\"\" class=\"opacity\"><img decoding=\"async\" data-src=\"http:\/\/persiantouring.com\/wp-content\/uploads\/2017\/10\/tehran-international-exhibition-ground-8.jpg\" alt=\"imageframe-image\" width=\"272\" height=\"192\" src=\"data:image\/svg+xml;base64,PHN2ZyB3aWR0aD0iMSIgaGVpZ2h0PSIxIiB4bWxucz0iaHR0cDovL3d3dy53My5vcmcvMjAwMC9zdmciPjwvc3ZnPg==\" class=\"lazyload\" style=\"--smush-placeholder-width: 272px; --smush-placeholder-aspect-ratio: 272\/192;\" \/><span class=\"opacity-wrapper\"><\/span><\/a><\/figure>\n<div class=\"details\">\n<h4>Travel Guide to Tehran<\/h4>\n<p>Choses \u00e0 faire et conseils de voyage \u00e0 T\u00e9h\u00e9ran<\/p>\n<a href=\"https:\/\/persiantouring.com\/fr\/travel-guide\/tehran\/\" class=\"button\" target=\"_self\">MORE INFORMATION<\/a>\n<\/div>\n<\/article>\n<\/div>\n<div class=\"col-sm-6 one-half\">\n<article class=\"box\">\n<figure><a href=\"https:\/\/persiantouring.com\/fr\/travel-guide\/shiraz\/\" title=\"\" class=\"opacity\"><img decoding=\"async\" data-src=\"http:\/\/persiantouring.com\/wp-content\/uploads\/2017\/10\/shiraz-travel-guide.jpg\" alt=\"imageframe-image\" width=\"272\" height=\"192\" src=\"data:image\/svg+xml;base64,PHN2ZyB3aWR0aD0iMSIgaGVpZ2h0PSIxIiB4bWxucz0iaHR0cDovL3d3dy53My5vcmcvMjAwMC9zdmciPjwvc3ZnPg==\" class=\"lazyload\" style=\"--smush-placeholder-width: 272px; --smush-placeholder-aspect-ratio: 272\/192;\" \/><span class=\"opacity-wrapper\"><\/span><\/a><\/figure>\n<div class=\"details\">\n<h4>Travel Guide to Shiraz<\/h4>\n<p>Choses \u00e0 Faire et Conseils de Voyage \u00e0 Shiraz<\/p>\n<a href=\"https:\/\/persiantouring.com\/fr\/travel-guide\/shiraz\/\" class=\"button\" target=\"_self\">MORE INFORMATION<\/a>\n<\/div>\n<\/article>\n<\/div>\n<div class=\"col-sm-6 one-half\">\n<article class=\"box\">\n<figure><a href=\"https:\/\/persiantouring.com\/fr\/travel-guide\/yazd\/\" title=\"\" class=\"opacity\"><img decoding=\"async\" data-src=\"http:\/\/persiantouring.com\/wp-content\/uploads\/2017\/10\/yazd-travel-guide.jpg\" alt=\"imageframe-image\" width=\"272\" height=\"192\" src=\"data:image\/svg+xml;base64,PHN2ZyB3aWR0aD0iMSIgaGVpZ2h0PSIxIiB4bWxucz0iaHR0cDovL3d3dy53My5vcmcvMjAwMC9zdmciPjwvc3ZnPg==\" class=\"lazyload\" style=\"--smush-placeholder-width: 272px; --smush-placeholder-aspect-ratio: 272\/192;\" \/><span class=\"opacity-wrapper\"><\/span><\/a><\/figure>\n<div class=\"details\">\n<h4>Travel Guide to Yazd<\/h4>\n<p>Choses \u00e0 faire et conseils de voyage \u00e0 Yazd<\/p>\n<a href=\"https:\/\/persiantouring.com\/fr\/travel-guide\/yazd\/\" class=\"button\" target=\"_self\">MORE INFORMATION<\/a>\n<\/div>\n<\/article>\n<\/div>\n<div class=\"col-sm-6 one-half\">\n<article class=\"box\">\n<figure><a href=\"https:\/\/persiantouring.com\/fr\/travel-guide\/tabriz\/\" title=\"\" class=\"opacity\"><img decoding=\"async\" data-src=\"http:\/\/persiantouring.com\/wp-content\/uploads\/2017\/10\/tabriz-travel-guide.jpg\" alt=\"imageframe-image\" width=\"272\" height=\"192\" src=\"data:image\/svg+xml;base64,PHN2ZyB3aWR0aD0iMSIgaGVpZ2h0PSIxIiB4bWxucz0iaHR0cDovL3d3dy53My5vcmcvMjAwMC9zdmciPjwvc3ZnPg==\" class=\"lazyload\" style=\"--smush-placeholder-width: 272px; --smush-placeholder-aspect-ratio: 272\/192;\" \/><span class=\"opacity-wrapper\"><\/span><\/a><\/figure>\n<div class=\"details\">\n<h4>Travel Guide to Tabriz<\/h4>\n<p>Choses \u00e0 faire et conseils de voyage \u00e0 Tabriz<\/p>\n<a href=\"https:\/\/persiantouring.com\/fr\/travel-guide\/tabriz\/\" class=\"button\" target=\"_self\">MORE INFORMATION<\/a>\n<\/div>\n<\/article>\n<\/div>\n<div class=\"col-sm-6 one-half\">\n<article class=\"box\">\n<figure><a href=\"https:\/\/persiantouring.com\/fr\/travel-guide\/mashhad\/\" title=\"\" class=\"opacity\"><img decoding=\"async\" data-src=\"http:\/\/persiantouring.com\/wp-content\/uploads\/2017\/10\/mashhad-travel-guide.jpg\" alt=\"imageframe-image\" width=\"272\" height=\"192\" src=\"data:image\/svg+xml;base64,PHN2ZyB3aWR0aD0iMSIgaGVpZ2h0PSIxIiB4bWxucz0iaHR0cDovL3d3dy53My5vcmcvMjAwMC9zdmciPjwvc3ZnPg==\" class=\"lazyload\" style=\"--smush-placeholder-width: 272px; --smush-placeholder-aspect-ratio: 272\/192;\" \/><span class=\"opacity-wrapper\"><\/span><\/a><\/figure>\n<div class=\"details\">\n<h4>Travel Guide to Mashhad<\/h4>\n<p>Choses \u00e0 faire et conseils de voyage \u00e0 Mashhad<\/p>\n<a href=\"https:\/\/persiantouring.com\/fr\/travel-guide\/mashhad\/\" class=\"button\" target=\"_self\">MORE INFORMATION<\/a>\n<\/div>\n<\/article>\n<\/div>\n<div class=\"col-sm-6 one-half\">\n<article class=\"box\">\n<figure><a href=\"https:\/\/persiantouring.com\/fr\/travel-guide\/kashan\/\" title=\"\" class=\"opacity\"><img decoding=\"async\" data-src=\"http:\/\/persiantouring.com\/wp-content\/uploads\/2017\/10\/kashan-travel-guide.jpg\" alt=\"imageframe-image\" width=\"272\" height=\"192\" src=\"data:image\/svg+xml;base64,PHN2ZyB3aWR0aD0iMSIgaGVpZ2h0PSIxIiB4bWxucz0iaHR0cDovL3d3dy53My5vcmcvMjAwMC9zdmciPjwvc3ZnPg==\" class=\"lazyload\" style=\"--smush-placeholder-width: 272px; --smush-placeholder-aspect-ratio: 272\/192;\" \/><span class=\"opacity-wrapper\"><\/span><\/a><\/figure>\n<div class=\"details\">\n<h4>Travel Guide to Kashan<\/h4>\n<p>Choses \u00e0 faire et conseils de voyage \u00e0 Kashan<\/p>\n<a href=\"https:\/\/persiantouring.com\/fr\/travel-guide\/kashan\/\" class=\"button\" target=\"_self\">MORE INFORMATION<\/a>\n<\/div>\n<\/article>\n<\/div>\n<div class=\"col-sm-6 one-half\">\n<article class=\"box\">\n<figure><a href=\"https:\/\/persiantouring.com\/fr\/travel-guide\/kish\/\" title=\"\" class=\"opacity\"><img decoding=\"async\" data-src=\"http:\/\/persiantouring.com\/wp-content\/uploads\/2017\/10\/kish-travel-guide.jpg\" alt=\"imageframe-image\" width=\"272\" height=\"192\" src=\"data:image\/svg+xml;base64,PHN2ZyB3aWR0aD0iMSIgaGVpZ2h0PSIxIiB4bWxucz0iaHR0cDovL3d3dy53My5vcmcvMjAwMC9zdmciPjwvc3ZnPg==\" class=\"lazyload\" style=\"--smush-placeholder-width: 272px; --smush-placeholder-aspect-ratio: 272\/192;\" \/><span class=\"opacity-wrapper\"><\/span><\/a><\/figure>\n<div class=\"details\">\n<h4>Travel Guide to Kish<\/h4>\n<p>Things to Do and Travel Tips in Kish<\/p>\n<a href=\"https:\/\/persiantouring.com\/fr\/travel-guide\/kish\/\" class=\"button\" target=\"_self\">MORE INFORMATION<\/a>\n<\/div>\n<\/article>\n<\/div>\n<\/div>\n<\/div>\n<\/div>\n<\/div>\n<div class=\"block\">\n<div class=\"parallax section global-map-area\" data-stellar-background-ratio=\"0.1\">\n<div class=\"container\">\n<div class=\"row\">\n<div class=\"col-sm-4 one-third\">\n<div class=\"icon-box style10\"><i class=\"soap-icon-departure\"><\/i>\n<small>Arrange Iran Tour<\/small><\/p>\n<h4 class=\"box-title\">Arrange Iran Tour<\/h4>\n<p class=\"description\">You can make your tour to Iran with our tour arranging service.<\/p>\n<a href=\"https:\/\/persiantouring.com\/fr\/build-your-tour\/\" class=\"button btn-medium yellow\" target=\"_self\">CHECK IT<\/a>\n<\/div>\n<\/div>\n<div class=\"col-sm-4 one-third\">\n<div class=\"icon-box style10\"><i class=\"soap-icon-check\"><\/i>\n<small>Hard Tourist Visa<\/small><\/p>\n<h4 class=\"box-title\">Iran Visa Code for UK, US and Canada<\/h4>\n<p class=\"description\">Special visa service for UK, US and Canada Citizens<\/p>\n<a href=\"https:\/\/persiantouring.com\/fr\/services\/iran-visa-for-us-uk-and-canada-citizens\/\" class=\"button btn-medium yellow\" target=\"_self\">CHECK IT<\/a>\n<\/div>\n<\/div>\n<div class=\"col-sm-4 one-third\">\n<div class=\"icon-box style10\"><i class=\"soap-icon-car-2\"><\/i>\n<small>Special Transfer<\/small><\/p>\n<h4 class=\"box-title\">VIP Transfer Service<\/h4>\n<p class=\"description\">VIP Transfer services for Special passengers. Just book and check our CIP.<\/p>\n<a href=\"https:\/\/persiantouring.com\/fr\/services\/car-and-coach-transfer\/\" class=\"button btn-medium yellow\" target=\"_self\">CHECK IT<\/a>\n<\/div>\n<\/div>\n<\/div>\n<\/div>\n<\/div>\n<\/div>","protected":false},"excerpt":{"rendered":"Read More About Iran Travel Tips Read More About Iran Attractions Read More About Iran Cities Guide Read More About Iran Our Blog Top Travel Tips 22Jan MORE Iran Money and Currency Whether you\u2019re a backpacker traveling to Iran on a budget, or an all-the-frills luxury traveler, you\u2019re going to need to By admin| Aucun [...]","protected":false},"author":1,"featured_media":0,"parent":0,"menu_order":0,"comment_status":"closed","ping_status":"closed","template":"templates\/template-full-width.php","meta":{"wds_primary_category":0,"_joinchat":[],"footnotes":""},"categories":[],"tags":[],"class_list":["post-10888","page","type-page","status-publish","hentry"],"_links":{"self":[{"href":"https:\/\/persiantouring.com\/fr\/wp-json\/wp\/v2\/pages\/10888"}],"collection":[{"href":"https:\/\/persiantouring.com\/fr\/wp-json\/wp\/v2\/pages"}],"about":[{"href":"https:\/\/persiantouring.com\/fr\/wp-json\/wp\/v2\/types\/page"}],"author":[{"embeddable":true,"href":"https:\/\/persiantouring.com\/fr\/wp-json\/wp\/v2\/users\/1"}],"replies":[{"embeddable":true,"href":"https:\/\/persiantouring.com\/fr\/wp-json\/wp\/v2\/comments?post=10888"}],"version-history":[{"count":0,"href":"https:\/\/persiantouring.com\/fr\/wp-json\/wp\/v2\/pages\/10888\/revisions"}],"wp:attachment":[{"href":"https:\/\/persiantouring.com\/fr\/wp-json\/wp\/v2\/media?parent=10888"}],"wp:term":[{"taxonomy":"category","embeddable":true,"href":"https:\/\/persiantouring.com\/fr\/wp-json\/wp\/v2\/categories?post=10888"},{"taxonomy":"post_tag","embeddable":true,"href":"https:\/\/persiantouring.com\/fr\/wp-json\/wp\/v2\/tags?post=10888"}],"curies":[{"name":"wp","href":"https:\/\/api.w.org\/{rel}","templated":true}]}}