{"id":590,"date":"2014-11-22T10:45:25","date_gmt":"2014-11-22T07:15:25","guid":{"rendered":"http:\/\/www.soaptheme.net\/wordpress\/travelo\/?page_id=590"},"modified":"2017-08-02T15:53:08","modified_gmt":"2017-08-02T11:23:08","slug":"about-us","status":"publish","type":"page","link":"https:\/\/persiantouring.com\/es\/about-us\/","title":{"rendered":"Sobre nosotros"},"content":{"rendered":"<div class=\"block\">\n<div class=\"image-box style6\">\n<article class=\"box\">\n<div class=\"row\">\n<div class=\"col-md-5\">\n<figure class=\"middle-block\"><a href=\"\" title=\"\" class=\"opacity\"><img decoding=\"async\" data-src=\"http:\/\/persiantouring.com\/wp-content\/uploads\/2014\/11\/Who-we-are_compressed.jpg\" alt=\"imageframe-image\" width=\"476\" height=\"318\" class=\"middle-item lazyload\" src=\"data:image\/svg+xml;base64,PHN2ZyB3aWR0aD0iMSIgaGVpZ2h0PSIxIiB4bWxucz0iaHR0cDovL3d3dy53My5vcmcvMjAwMC9zdmciPjwvc3ZnPg==\" style=\"--smush-placeholder-width: 476px; --smush-placeholder-aspect-ratio: 476\/318;\" \/><span class=\"opacity-wrapper\"><\/span><\/a><\/figure>\n<\/div>\n<div class=\"col-md-7\">\n<div class=\"details\">\n<h4 class=\"box-title\">Who We Are?<\/h4>\n<div>We are Persian Touring travel arrangement. we can arrange any travel services for you in Iran. Flight Tickets, Hotels, Tours, Guides, Transportations and any other services that you need for a nice trip to Iran. We are not the cheapest one, but we try our best to be the best one.<\/div>\n<\/div>\n<\/div>\n<\/div>\n<\/article>\n<article class=\"box\">\n<div class=\"row\">\n<div class=\"col-md-7\">\n<div class=\"details\">\n<h4 class=\"box-title\">What Do We Do?<\/h4>\n<div>We try to give you a freedom with a wide choice for arrangeing your trip to Iran. We have some ready to use package, But we are flexible for our passengers choices. You can choose your hotel, type of your transfer, date and nights of your trip and type of it. and don&#8217;t worry for anything. We are here to arrange anything you need. So think to your dreams.<\/div>\n<\/div>\n<\/div>\n<div class=\"col-md-5\">\n<figure class=\"middle-block\"><a href=\"#\" title=\"\" class=\"opacity\"><img decoding=\"async\" data-src=\"http:\/\/persiantouring.com\/wp-content\/uploads\/2014\/11\/What-do-we-do_compressed.jpg\" alt=\"imageframe-image\" width=\"476\" height=\"318\" class=\"middle-item lazyload\" src=\"data:image\/svg+xml;base64,PHN2ZyB3aWR0aD0iMSIgaGVpZ2h0PSIxIiB4bWxucz0iaHR0cDovL3d3dy53My5vcmcvMjAwMC9zdmciPjwvc3ZnPg==\" style=\"--smush-placeholder-width: 476px; --smush-placeholder-aspect-ratio: 476\/318;\" \/><span class=\"opacity-wrapper\"><\/span><\/a><\/figure>\n<\/div>\n<\/div>\n<\/article>\n<article class=\"box\">\n<div class=\"row\">\n<div class=\"col-md-5\">\n<figure class=\"middle-block\"><a href=\"#\" title=\"\" class=\"opacity\"><img decoding=\"async\" data-src=\"http:\/\/persiantouring.com\/wp-content\/uploads\/2014\/11\/How-Persian-Touring-Work_compressed.jpg\" alt=\"imageframe-image\" width=\"476\" height=\"318\" class=\"middle-item lazyload\" src=\"data:image\/svg+xml;base64,PHN2ZyB3aWR0aD0iMSIgaGVpZ2h0PSIxIiB4bWxucz0iaHR0cDovL3d3dy53My5vcmcvMjAwMC9zdmciPjwvc3ZnPg==\" style=\"--smush-placeholder-width: 476px; --smush-placeholder-aspect-ratio: 476\/318;\" \/><span class=\"opacity-wrapper\"><\/span><\/a><\/figure>\n<\/div>\n<div class=\"col-md-7\">\n<div class=\"details\">\n<h4 class=\"box-title\">How Persian Touring Work?<\/h4>\n<div>We know that the travel to Iran is not so easy. So we try our best to make is as easiest and possible. We are in touch with you from your first contact to us till you finish your trip with us. We have online secure payment and you can use your credit cards for this. So you don&#8217;t need to carry a lot of cash for hotel booking and transfer payment.<\/div>\n<\/div>\n<\/div>\n<\/div>\n<\/article>\n<\/div>\n<\/div>\n<div class=\"large-block\">\n<div class=\"row\">\n<div class=\"col-sm-6 one-half\">\n<h2>Know More About Us<\/h2><div class=\"toggle-container style1\" id=\"accordion1\"  >\n<div class=\"panel\"><h4 class=\"panel-title\"><a href=\"#acc1\" data-toggle=\"collapse\" data-parent=\"#accordion1\">Travel Services<\/a><\/h4><div class=\"panel-collapse collapse in\" id=\"acc1\"><div class=\"panel-content\"><p>\nPersian Toruing arranges any travel services in Iran. We can book any hotels in Iran, Arrange any type of transfer, Buy any domestic or international flight ticket and all with online secure payment.<br \/>\n<\/p><\/div><\/div><\/div>\n<div class=\"panel\"><h4 class=\"panel-title\"><a href=\"#acc2\" data-toggle=\"collapse\" data-parent=\"#accordion1\" class=\"collapsed\">Trip to Iran Information<\/a><\/h4><div class=\"panel-collapse collapse\" id=\"acc2\"><div class=\"panel-content\"><p>\nYou can use our information for making a nice and easy trip to Iran. it doesn&#8217;t important that you booked any thing with us or NOT. We are ready to help. We are Iranian,\u00a0The most hospitable people in the world<br \/>\n<\/p><\/div><\/div><\/div>\n<div class=\"panel\"><h4 class=\"panel-title\"><a href=\"#acc3\" data-toggle=\"collapse\" data-parent=\"#accordion1\" class=\"collapsed\">Security and Insurance<\/a><\/h4><div class=\"panel-collapse collapse\" id=\"acc3\"><div class=\"panel-content\"><p>\nWe don&#8217;t make any risk on your health. all of our services will do in the best way that available. we don&#8217;t compete anybody in price, but we are know that we can be best in quality.<br \/>\n<\/p><\/div><\/div><\/div>\n<\/div>\n<\/div>\n<div class=\"col-md-6\">\n<h2>\u00bfQu\u00e9 dicen los viajeros?<\/h2><div class=\"testimonial style1 box\"><ul class=\"slides\">\n<li><p class=\"description\">\n<strong>Renate Angermann dijo<\/strong><br \/>\nUna ubicaci\u00f3n realmente excelente, muy buen servicio, que impresiona la belleza de un lugar que siempre recordar\u00e1. Abundante, delicioso desayuno. El restaurante es muy bonito en estilo tradicional. Habitaciones muy bien renovadas.<br \/>\n<\/p><div class=\"author-section clearfix\"><a href=\"https:\/\/persiantouring.com\/es\/hotels\/koohpa-caravanserai-abbasi-hotel-isfahan\/\"><img decoding=\"async\" data-src=\"http:\/\/persiantouring.com\/wp-content\/uploads\/2017\/06\/Koohpa-Caravanserai-Abbasi-Hotel-Isfahan-6.jpg\" alt=\"author-image\" width=\"74\" height=\"74\" src=\"data:image\/svg+xml;base64,PHN2ZyB3aWR0aD0iMSIgaGVpZ2h0PSIxIiB4bWxucz0iaHR0cDovL3d3dy53My5vcmcvMjAwMC9zdmciPjwvc3ZnPg==\" class=\"lazyload\" style=\"--smush-placeholder-width: 74px; --smush-placeholder-aspect-ratio: 74\/74;\" \/><\/a><h5 class=\"name\">Sobre Kuhpa Caravanserai Isfahan<\/h5><\/div><\/li>\n<li><p class=\"description\">\n<strong>Dijo Marcello<\/strong><br \/>\nMe aloj\u00e9 4 noches en el hotel Arad y se lo recomendar\u00eda a cualquiera que est\u00e9 buscando un precio razonable en el centro de Teher\u00e1n. Personal amable, desayuno incluido, habitaci\u00f3n limpia. \u00bfQu\u00e9 podr\u00eda pedir m\u00e1s?<br \/>\n<\/p><div class=\"author-section clearfix\"><a href=\"https:\/\/persiantouring.com\/es\/hotels\/arad-hotel-tehran\/\"><img decoding=\"async\" data-src=\"http:\/\/persiantouring.com\/wp-content\/uploads\/2017\/07\/Arad-Hotel-Tehran-5.jpg\" alt=\"author-image\" width=\"74\" height=\"74\" src=\"data:image\/svg+xml;base64,PHN2ZyB3aWR0aD0iMSIgaGVpZ2h0PSIxIiB4bWxucz0iaHR0cDovL3d3dy53My5vcmcvMjAwMC9zdmciPjwvc3ZnPg==\" class=\"lazyload\" style=\"--smush-placeholder-width: 74px; --smush-placeholder-aspect-ratio: 74\/74;\" \/><\/a><h5 class=\"name\">Acerca de Arad Hotel Tehran<\/h5><\/div><\/li>\n<li><p class=\"description\">\n<strong>Dijo Parviz Sepehri<\/strong><br \/>\nTuve una estancia en este hotel por unas pocas noches y fue s\u00faper genial! El personal es muy amable y servicial y las habitaciones est\u00e1n reci\u00e9n renovadas. Ciertamente elegir\u00e9 quedarme con ella la pr\u00f3xima vez y tambi\u00e9n recomendar\u00e9 a otros que visiten tabriz.<br \/>\n<\/p><div class=\"author-section clearfix\"><a href=\"https:\/\/persiantouring.com\/es\/hotels\/shahryar-international-hotel-tabriz\/\"><img decoding=\"async\" data-src=\"http:\/\/persiantouring.com\/wp-content\/uploads\/2017\/06\/Shahryar-International-Hotel-Tabriz-2.jpg\" alt=\"author-image\" width=\"74\" height=\"74\" src=\"data:image\/svg+xml;base64,PHN2ZyB3aWR0aD0iMSIgaGVpZ2h0PSIxIiB4bWxucz0iaHR0cDovL3d3dy53My5vcmcvMjAwMC9zdmciPjwvc3ZnPg==\" class=\"lazyload\" style=\"--smush-placeholder-width: 74px; --smush-placeholder-aspect-ratio: 74\/74;\" \/><\/a><h5 class=\"name\">Acerca de Shahryar International Hotel Tabriz<\/h5><\/div><\/li>\n<\/ul><\/div>\n<\/div>\n<\/div>\n<div class=\"large-block\"><\/div>\n<div class=\"row\">\n<div class=\"col-md-4 col-sm-8\">\n<article class=\"image-box box team\"><figure><a href=\"\"><img decoding=\"async\" data-src=\"http:\/\/persiantouring.com\/wp-content\/uploads\/2014\/11\/Vahid-Parsari.jpg\" alt=\"person-photo\" width=\"270\" height=\"263\" src=\"data:image\/svg+xml;base64,PHN2ZyB3aWR0aD0iMSIgaGVpZ2h0PSIxIiB4bWxucz0iaHR0cDovL3d3dy53My5vcmcvMjAwMC9zdmciPjwvc3ZnPg==\" class=\"lazyload\" style=\"--smush-placeholder-width: 270px; --smush-placeholder-aspect-ratio: 270\/263;\" \/><\/a><\/figure><div class=\"details\">\n<h4 class=\"box-title\"><a href=\"#\">Vahid Parsari<small>CEO<\/small><\/a><\/h4>\n<p class=\"description\">Designer and Director of Persian Touring Website. CEO of Persian Touring team with ELMA, Next CEO of PT<\/p>\n<ul class=\"social-icons clearfix\"><li class=\"twitter\"><a title=\"gorjeo\" href=\"https:\/\/twitter.com\/VahidParsari\" data-toggle=\"tooltip\" target=\"_blank\"><i class=\"soap-icon-twitter\"><\/i><\/a><\/li><li class=\"googleplus\"><a title=\"Google Mas\" href=\"https:\/\/plus.google.com\/+vahidparsari\" data-toggle=\"tooltip\" target=\"_blank\"><i class=\"soap-icon-googleplus\"><\/i><\/a><\/li><li class=\"facebook\"><a title=\"Facebook\" href=\"https:\/\/www.facebook.com\/public\/Vahid-Parsari\" data-toggle=\"tooltip\" target=\"_blank\"><i class=\"soap-icon-facebook\"><\/i><\/a><\/li><li class=\"linkedin\"><a title=\"linkedin\" href=\"https:\/\/ir.linkedin.com\/in\/vahid-parsari-82602387\" data-toggle=\"tooltip\" target=\"_blank\"><i class=\"soap-icon-linkedin\"><\/i><\/a><\/li><\/ul><\/div><\/article>\n<\/div>\n<div class=\"col-md-4 col-sm-8\">\n<article class=\"image-box box team\"><figure><a href=\"#\"><img decoding=\"async\" data-src=\"http:\/\/persiantouring.com\/wp-content\/uploads\/2014\/11\/Javad-Alizadeh.jpg\" alt=\"person-photo\" width=\"270\" height=\"263\" src=\"data:image\/svg+xml;base64,PHN2ZyB3aWR0aD0iMSIgaGVpZ2h0PSIxIiB4bWxucz0iaHR0cDovL3d3dy53My5vcmcvMjAwMC9zdmciPjwvc3ZnPg==\" class=\"lazyload\" style=\"--smush-placeholder-width: 270px; --smush-placeholder-aspect-ratio: 270\/263;\" \/><\/a><\/figure><div class=\"details\">\n<h4 class=\"box-title\"><a href=\"#\">Javad Alizadeh<small>Travel Arrangment<\/small><\/a><\/h4>\n<p class=\"description\">Do every thing. Booking Hotels, Arrange Transfers, Buy Flight Tickets, Wash the dishes and ets&#8230;<\/p>\n<ul class=\"social-icons clearfix\"><li class=\"twitter\"><a title=\"gorjeo\" href=\"#\" data-toggle=\"tooltip\" target=\"_blank\"><i class=\"soap-icon-twitter\"><\/i><\/a><\/li><li class=\"googleplus\"><a title=\"Google Mas\" href=\"#\" data-toggle=\"tooltip\" target=\"_blank\"><i class=\"soap-icon-googleplus\"><\/i><\/a><\/li><li class=\"facebook\"><a title=\"Facebook\" href=\"#\" data-toggle=\"tooltip\" target=\"_blank\"><i class=\"soap-icon-facebook\"><\/i><\/a><\/li><li class=\"linkedin\"><a title=\"linkedin\" href=\"#\" data-toggle=\"tooltip\" target=\"_blank\"><i class=\"soap-icon-linkedin\"><\/i><\/a><\/li><li class=\"vimeo\"><a title=\"vimeo\" href=\"#\" data-toggle=\"tooltip\" target=\"_blank\"><i class=\"soap-icon-vimeo\"><\/i><\/a><\/li><li class=\"flickr\"><a title=\"flickr\" href=\"#\" data-toggle=\"tooltip\" target=\"_blank\"><i class=\"soap-icon-flickr\"><\/i><\/a><\/li><\/ul><\/div><\/article>\n<\/div>\n<div class=\"col-md-4 col-sm-8\">\n<article class=\"image-box box team\"><figure><a href=\"#\"><img decoding=\"async\" data-src=\"http:\/\/persiantouring.com\/wp-content\/uploads\/2014\/11\/Saeed-Parsa.jpg\" alt=\"person-photo\" width=\"270\" height=\"263\" src=\"data:image\/svg+xml;base64,PHN2ZyB3aWR0aD0iMSIgaGVpZ2h0PSIxIiB4bWxucz0iaHR0cDovL3d3dy53My5vcmcvMjAwMC9zdmciPjwvc3ZnPg==\" class=\"lazyload\" style=\"--smush-placeholder-width: 270px; --smush-placeholder-aspect-ratio: 270\/263;\" \/><\/a><\/figure><div class=\"details\">\n<h4 class=\"box-title\"><a href=\"#\">Saeed Parsa<small>Travel Arrangment<\/small><\/a><\/h4>\n<p class=\"description\">He is normally sick. sometimes he do some thing. but good in travel arrangement. not so important<\/p>\n<ul class=\"social-icons clearfix\"><li class=\"twitter\"><a title=\"gorjeo\" href=\"#\" data-toggle=\"tooltip\" target=\"_blank\"><i class=\"soap-icon-twitter\"><\/i><\/a><\/li><li class=\"googleplus\"><a title=\"Google Mas\" href=\"#\" data-toggle=\"tooltip\" target=\"_blank\"><i class=\"soap-icon-googleplus\"><\/i><\/a><\/li><li class=\"facebook\"><a title=\"Facebook\" href=\"#\" data-toggle=\"tooltip\" target=\"_blank\"><i class=\"soap-icon-facebook\"><\/i><\/a><\/li><li class=\"linkedin\"><a title=\"linkedin\" href=\"#\" data-toggle=\"tooltip\" target=\"_blank\"><i class=\"soap-icon-linkedin\"><\/i><\/a><\/li><li class=\"vimeo\"><a title=\"vimeo\" href=\"#\" data-toggle=\"tooltip\" target=\"_blank\"><i class=\"soap-icon-vimeo\"><\/i><\/a><\/li><li class=\"flickr\"><a title=\"flickr\" href=\"#\" data-toggle=\"tooltip\" target=\"_blank\"><i class=\"soap-icon-flickr\"><\/i><\/a><\/li><\/ul><\/div><\/article>\n<\/div>\n<\/div>\n<\/div>\n<div class=\"large-block text-center\">\n<h2>Check our Investors Relations<\/h2>\n<p>Nunc cursus libero purus ac congue ar lorem cursus ut sed pulvinar massa idend porta nequetiam<\/p>\n<div class=\"investor-list row\">\n<div class=\"col-xs-6 col-sm-4 col-lg-2\"><div class=\"travelo-box\"><br \/>\n<a href=\"#\"><img decoding=\"async\" src=\"http:\/\/placehold.it\/142x65\" alt=\"investor-image\" \/><\/a><br \/>\n<\/div><\/div>\n<div class=\"col-xs-6 col-sm-4 col-lg-2\"><div class=\"travelo-box\"><br \/>\n<a href=\"#\"><img decoding=\"async\" src=\"http:\/\/placehold.it\/201x62\" alt=\"investor-image\" \/><\/a><br \/>\n<\/div><\/div>\n<div class=\"col-xs-6 col-sm-4 col-lg-2\"><div class=\"travelo-box\"><br \/>\n<a href=\"#\"><img decoding=\"async\" src=\"http:\/\/placehold.it\/191x55\" alt=\"investor-image\" \/><\/a><br \/>\n<\/div><\/div>\n<div class=\"col-xs-6 col-sm-4 col-lg-2\"><div class=\"travelo-box\"><br \/>\n<a href=\"#\"><img decoding=\"async\" src=\"http:\/\/placehold.it\/158x57\" alt=\"investor-image\" \/><\/a><br \/>\n<\/div><\/div>\n<div class=\"col-xs-6 col-sm-4 col-lg-2\"><div class=\"travelo-box\"><br \/>\n<a href=\"#\"><img decoding=\"async\" src=\"http:\/\/placehold.it\/165x50\" alt=\"investor-image\" \/><\/a><br \/>\n<\/div><\/div>\n<div class=\"col-xs-6 col-sm-4 col-lg-2\"><div class=\"travelo-box\"><br \/>\n<a href=\"#\"><img decoding=\"async\" src=\"http:\/\/placehold.it\/153x58\" alt=\"investor-image\" \/><\/a><br \/>\n<\/div><\/div>\n<\/div>\n<p><\/div>","protected":false},"excerpt":{"rendered":"Who We Are? We are Persian Touring travel arrangement. we can arrange any travel services for you in Iran. Flight Tickets, Hotels, Tours, Guides, Transportations and any other services that you need for a nice trip to Iran. We are not the cheapest one, but we try our best to be the best one. What [...]","protected":false},"author":1,"featured_media":0,"parent":0,"menu_order":0,"comment_status":"open","ping_status":"closed","template":"","meta":{"wds_primary_category":0,"_joinchat":[],"footnotes":""},"categories":[],"tags":[],"class_list":["post-590","page","type-page","status-publish","hentry"],"_links":{"self":[{"href":"https:\/\/persiantouring.com\/es\/wp-json\/wp\/v2\/pages\/590"}],"collection":[{"href":"https:\/\/persiantouring.com\/es\/wp-json\/wp\/v2\/pages"}],"about":[{"href":"https:\/\/persiantouring.com\/es\/wp-json\/wp\/v2\/types\/page"}],"author":[{"embeddable":true,"href":"https:\/\/persiantouring.com\/es\/wp-json\/wp\/v2\/users\/1"}],"replies":[{"embeddable":true,"href":"https:\/\/persiantouring.com\/es\/wp-json\/wp\/v2\/comments?post=590"}],"version-history":[{"count":0,"href":"https:\/\/persiantouring.com\/es\/wp-json\/wp\/v2\/pages\/590\/revisions"}],"wp:attachment":[{"href":"https:\/\/persiantouring.com\/es\/wp-json\/wp\/v2\/media?parent=590"}],"wp:term":[{"taxonomy":"category","embeddable":true,"href":"https:\/\/persiantouring.com\/es\/wp-json\/wp\/v2\/categories?post=590"},{"taxonomy":"post_tag","embeddable":true,"href":"https:\/\/persiantouring.com\/es\/wp-json\/wp\/v2\/tags?post=590"}],"curies":[{"name":"wp","href":"https:\/\/api.w.org\/{rel}","templated":true}]}}