{"id":11320,"date":"2017-08-28T15:51:38","date_gmt":"2017-08-28T11:21:38","guid":{"rendered":"http:\/\/persiantouring.com\/?page_id=11320"},"modified":"2017-09-02T14:42:04","modified_gmt":"2017-09-02T10:12:04","slug":"iran-domestic-flights","status":"publish","type":"page","link":"https:\/\/persiantouring.com\/de\/services\/iran-domestic-flights\/","title":{"rendered":"Iran Inlandsfl\u00fcge"},"content":{"rendered":"<div class=\"travelo-box\">\n<div class=\"row\">\n<div class=\"col-md-12\">\n<p><img decoding=\"async\" class=\"alignnone size-full wp-image-11338 lazyload\" data-src=\"http:\/\/persiantouring.com\/wp-content\/uploads\/2017\/08\/Iran-Domestic-Flights.jpg\" alt=\"Iran Domestic Flights\" width=\"1920\" height=\"600\" data-srcset=\"https:\/\/persiantouring.com\/wp-content\/uploads\/2017\/08\/Iran-Domestic-Flights.jpg 1920w, https:\/\/persiantouring.com\/wp-content\/uploads\/2017\/08\/Iran-Domestic-Flights-300x94.jpg 300w, https:\/\/persiantouring.com\/wp-content\/uploads\/2017\/08\/Iran-Domestic-Flights-768x240.jpg 768w, https:\/\/persiantouring.com\/wp-content\/uploads\/2017\/08\/Iran-Domestic-Flights-1024x320.jpg 1024w\" data-sizes=\"(max-width: 1920px) 100vw, 1920px\" src=\"data:image\/svg+xml;base64,PHN2ZyB3aWR0aD0iMSIgaGVpZ2h0PSIxIiB4bWxucz0iaHR0cDovL3d3dy53My5vcmcvMjAwMC9zdmciPjwvc3ZnPg==\" style=\"--smush-placeholder-width: 1920px; --smush-placeholder-aspect-ratio: 1920\/600;\" \/><\/p>\n<h2><\/h2>\n<h2>Buchen Sie g\u00fcnstige Fl\u00fcge zwischen allen iranischen Flugh\u00e4fen<\/h2>\n<p>&nbsp;<\/p>\n<p>Die Buchung eines Inlandsfluges im Iran ist eines der schwierigsten Dinge bei der Organisation einer Reise in den Iran. Aber dieser Satz stammt aus der Vergangenheit. Jetzt hilft Ihnen unser Flugbuchungssystem, einen g\u00fcnstigen Inlandsflug im Iran zu arrangieren.<\/p>\n<p>In diesem Fall k\u00f6nnen Sie Ihren Flug in drei einfachen Schritten buchen:<\/p>\n<ol>\n<li>F\u00fcllen Sie unser Flugbuchungsformular mit Ihren gew\u00fcnschten Fluginformationen aus. Es ist erforderlich, dass Sie Ihr Passbild hochladen.<\/li>\n<li>Warten Sie, bis sich unser Teamkollege mit Ihnen in Verbindung gesetzt hat. Er wird Sie \u00fcber die verf\u00fcgbare Flugzeit und den Preis informieren<\/li>\n<li>Nachdem Sie den Preis best\u00e4tigt haben, erhalten Sie einen Online-Zahlungslink f\u00fcr Ihren Flug. Sie k\u00f6nnen es mit Ihrer Kreditkarte oder PayPal bezahlen<\/li>\n<li>In nur wenigen Minuten nach Zahlungseingang erhalten Sie Ihr Flugticket und Ihre Daten.<\/li>\n<\/ol>\n<p>Anmerkungen:<\/p>\n<ol>\n<li>Die Inlandsflugtickets im Iran wie in anderen L\u00e4ndern haben mehrere Klassen mit Preis- und Qualit\u00e4tsunterschieden. Wenn Sie also einen g\u00fcnstigen Inlandsflug im Iran w\u00fcnschen, ist es besser, Ihren Flug so schnell wie m\u00f6glich zu buchen.<\/li>\n<li>Die Verantwortung f\u00fcr die G\u00fcltigkeit Ihres Touristenvisums liegt bei Ihnen<\/li>\n<li>Der Flugpreis f\u00fcr Sie beinhaltet Flugticketpreis, \u00dcberweisungssteuer und Geb\u00fchr sowie unsere Servicegeb\u00fchr.<\/li>\n<li>Wie bei anderen Fl\u00fcgen auf der ganzen Welt sollten Sie mindestens 1 Stunde vor Ihrem Flug am Flughafen sein.<\/li>\n<\/ol>\n<\/div>\n<\/div>\n<\/div>\n<div class=\"travelo-box\">\n<div class=\"row\">\n<div class=\"col-md-12\">\n<div class=\"wpcf7 no-js\" id=\"wpcf7-f11332-o1\" lang=\"en-US\" dir=\"ltr\" data-wpcf7-id=\"11332\">\n<div class=\"screen-reader-response\"><p role=\"status\" aria-live=\"polite\" aria-atomic=\"true\"><\/p> <ul><\/ul><\/div>\n<form action=\"\/de\/wp-json\/wp\/v2\/pages\/11320#wpcf7-f11332-o1\" method=\"post\" class=\"wpcf7-form init\" aria-label=\"Contact form\" enctype=\"multipart\/form-data\" novalidate=\"novalidate\" data-status=\"init\" data-trp-original-action=\"\/de\/wp-json\/wp\/v2\/pages\/11320#wpcf7-f11332-o1\">\n<div style=\"display: none;\">\n<input type=\"hidden\" name=\"_wpcf7\" value=\"11332\" \/>\n<input type=\"hidden\" name=\"_wpcf7_version\" value=\"6.0.6\" \/>\n<input type=\"hidden\" name=\"_wpcf7_locale\" value=\"en_US\" \/>\n<input type=\"hidden\" name=\"_wpcf7_unit_tag\" value=\"wpcf7-f11332-o1\" \/>\n<input type=\"hidden\" name=\"_wpcf7_container_post\" value=\"0\" \/>\n<input type=\"hidden\" name=\"_wpcf7_posted_data_hash\" value=\"\" \/>\n<input type=\"hidden\" name=\"_wpcf7_recaptcha_response\" value=\"\" \/>\n<\/div>\n<div class=\"row\">\n\t<div class=\"col-sm-4\">\n\t\t<div class=\"form-group\">\n\t\t\t<p><label>Abflugstadt<\/label><span class=\"wpcf7-form-control-wrap\" data-name=\"menu-526\"><select class=\"wpcf7-form-control wpcf7-select wpcf7-validates-as-required\" aria-required=\"true\" aria-invalid=\"false\" name=\"menu-526\"><option value=\"Abadan, Iran - Abadan Int. Airport - ABD\">Abadan, Iran - Abadan Int. Flughafen - ABD<\/option><option value=\"Abu Musa Island, Iran - Abumusa Island Airport - AEU\">Abu Musa Island, Iran - Flughafen Abumusa Island - AEU<\/option><option value=\"Aghajari, Iran - Aghajari Airport - AKW\">Aghajari, Iran - Flughafen Aghajari - AKW<\/option><option value=\"Ahwaz, Iran - Ahwaz Int. Airport - AWZ\">Ahwaz, Iran - Ahwaz Int. Flughafen - AWZ<\/option><option value=\"Arak, Iran - Arak Airport - AJK\">Arak, Iran - Flughafen Arak - AJK<\/option><option value=\"Ardabil, Iran - Ardabil Airport - ADU\">Ardabil, Iran - Flughafen Ardabil - ADU<\/option><option value=\"Asalouyeh, Iran - Persian Gulf Airport - PGU\">Asalouyeh, Iran - Flughafen am Persischen Golf - PGU<\/option><option value=\"Babolsar, Iran - Babolsar Airport - BBL\">Babolsar, Iran - Flughafen Babolsar - BBL<\/option><option value=\"Bam, Iran - Bam Airport - BXR\">Bam, Iran - Flughafen Bam - BXR<\/option><option value=\"Bandar Abbas, Iran - Bandar Abbas Int. Airport - BND\">Bandar Abbas, Iran - Bandar Abbas Int. Flughafen - BND<\/option><option value=\"Bandar Lengeh, Iran - Bandar Lengeh Airport - BDH\">Bandar Lengeh, Iran - Flughafen Bandar Lengeh - BDH<\/option><option value=\"Birjand, Iran - Birjand Int. Airport - XBJ\">Birjand, Iran - Birjand Int. Flughafen - XBJ<\/option><option value=\"Bojnord, Iran - Bojnord Airport - BJB\">Bojnord, Iran - Flughafen Bojnord - BJB<\/option><option value=\"Bushehr, Iran - Bushehr Airport - BUZ\">Bushehr, Iran - Flughafen Bushehr - BUZ<\/option><option value=\"Chabahar, Iran - Konarak Airport - ZBR\">Chabahar, Iran - Flughafen Konarak - ZBR<\/option><option value=\"Dezful, Iran - Dezful Airport - DEF\">Dezful, Iran - Dezful Flughafen - DEF<\/option><option value=\"Fasa, Iran - Fasa Airport - FAZ\">Fasa, Iran - Flughafen Fasa - FAZ<\/option><option value=\"Gachsaran, Iran - Gachsaran Airport - GCH\">Gachsaran, Iran - Flughafen Gachsaran - GCH<\/option><option value=\"Gorgan, Iran - Gorgarn Int. Airport - GBT\">Gorgan, Iran - Gorgarn Int. Flughafen - GBT<\/option><option value=\"Hamedan, Iran - Hamedan Int. Airport - HDM&lt;\">Hamedan, Iran - Hamedan Int. Flughafen - HDM &lt;<\/option><option value=\"Ilaam, Iran - Ilaam Airport - IIL\">Ilaam, Iran - Flughafen Ilaam - IIL<\/option><option value=\"Iranshahr, Iran - Iranshahr Airport - IHR\">Iranshahr, Iran - Flughafen Iranshahr - IHR<\/option><option value=\"Isfahan, Iran - Shahid Beheshti Airport - IFN\">Isfahan, Iran - Flughafen Shahid Beheshti - IFN<\/option><option value=\"Jahrom, Iran - Jahrom Airport - JAR\">Jahrom, Iran - Flughafen Jahrom - JAR<\/option><option value=\"Jiroft, Iran - Jiroft Airport - JYR\">Jiroft, Iran - Flughafen Jiroft - JYR<\/option><option value=\"Kalaleh, Iran - Kalaleh Airport - KLM\">Kalaleh, Iran - Flughafen Kalaleh - KLM<\/option><option value=\"Kangan, Iran - Jam Airport - KNR\">Kangan, Iran - Jam Flughafen - KNR<\/option><option value=\"Kerman, Iran - Kerman Airport - KER\">Kerman, Iran - Flughafen Kerman - KER<\/option><option value=\"Kermanshah, Iran - Shahid Ashrafi Esfahani Airport - KSH\">Kermanshah, Iran - Flughafen Shahid Ashrafi Esfahani - KSH<\/option><option value=\"Kharg Island, IranKharg Airport - KHK\">Kharg Island, IranKharg Flughafen - KHK<\/option><option value=\"Khorramabad, Iran - Khorramabad Airport - KHD\">Khorramabad, Iran - Flughafen Khorramabad - KHD<\/option><option value=\"Khoy, Iran - Khoy Airport - KHY\">Khoy, Iran - Khoy Flughafen - KHY<\/option><option value=\"Kish Island, Iran - Kish Int. Airport - KIH\">Kish Island, Iran - Kish Int. Flughafen - KIH<\/option><option value=\"Lamerd, Iran - Lamerd Airport - LFM\">Lamerd, Iran - Flughafen Lamerd - LFM<\/option><option value=\"Larestan, Iran - Larestan International Airport - LRR\">Larestan, Iran - Larestan Internationaler Flughafen - LRR<\/option><option value=\"Lavan Island, Iran - Lavan Airport - LVP\">Lavan Island, Iran - Flughafen Lavan - LVP<\/option><option value=\"Mahshahr, Iran - Mahshahr Airport - MRX\">Mahshahr, Iran - Flughafen Mahshahr - MRX<\/option><option value=\"Maragheh (Sahand), Iran - Sahand Airport - ACP\">Maragheh (Sahand), Iran - Flughafen Sahand - AKP<\/option><option value=\"Mashhad, Iran - Mashhad International Airport - MHD\">Mashhad, Iran - Internationaler Flughafen Mashhad - MHD<\/option><option value=\"Noshahr, Iran - Noshahr Airport - NSH\">Noshahr, Iran - Flughafen Noshahr - NSH<\/option><option value=\"Parsabad, Iran - Parsabad-Moghan Airport - PFQ\">Parsabad, Iran - Flughafen Parsabad-Moghan - PFQ<\/option><option value=\"Qazvin (Ghazvin), Iran - Qazvin Airport - GZW\">Qazvin (Ghazvin), Iran - Flughafen Qazvin - GZW<\/option><option value=\"Qeshm Island, Iran - Dayrestan Airport - GSM\">Qeshm Island, Iran - Flughafen Dayrestan - GSM<\/option><option value=\"Rafsanjan, Iran - Rafsanjan Airport - RJN\">Rafsanjan, Iran - Flughafen Rafsanjan - RJN<\/option><option value=\"Ramsar, Iran - Ramsar Airport - RZR\">Ramsar, Iran - Flughafen Ramsar - RZR<\/option><option value=\"Rasht, Iran - Rasht Airport - RAS\">Rasht, Iran - Flughafen Rasht - RAS<\/option><option value=\"Sabzevar, Iran - Sabzevar Airport - AFZ\">Sabzevar, Iran - Flughafen Sabzevar - AFZ<\/option><option value=\"Sanandaj, Iran - Sanandaj Airport - SDG\">Sanandaj, Iran - Flughafen Sanandaj - SDG<\/option><option value=\"Sarakhs, Iran - Almas Airport - CKT\">Sarakhs, Iran - Almas Flughafen - CKT<\/option><option value=\"Sari, Iran - Dasht-e Naz Airport - SRY\">Sari, Iran - Flughafen Dasht-e Naz - SRY<\/option><option value=\"Shahrekord, Iran - Shahrekord Int. Airport - CQD\">Shahrekord, Iran - Shahrekord Int. Flughafen - CQD<\/option><option value=\"Shahrood, Iran - Shahrood Airport - RUD\">Shahrood, Iran - Flughafen Shahrood - RUD<\/option><option value=\"Shiraz, Iran - Dastgheib Int. Airport - SYZ\">Shiraz, Iran - Dastgheib Int. Flughafen - SYZ<\/option><option value=\"Sirjan, Iran - Sirjan Airport - SYJ\">Sirjan, Iran - Flughafen Sirjan - SYJ<\/option><option value=\"Sirri Island, Iran - Sirri Airport - SXI\">Sirri Island, Iran - Flughafen Sirri - SXI<\/option><option value=\"Tabas, Iran - Tabas Airport - TCX\">Tabas, Iran - Tabas Flughafen - TCX<\/option><option value=\"Tabriz, Iran - Shahid Madani Airport - TBZ\">Tabriz, Iran - Flughafen Shahid Madani - TBZ<\/option><option value=\"Tehran, Iran - All Airport - IKA\">Teheran, Iran - Alle Flughafen - IKA<\/option><option value=\"Tehran, Iran - Mehrabad Airport - THR\">Teheran, Iran - Mehrabad Flughafen - THR<\/option><option value=\"Tehran, Iran - International Only - IKA\">Teheran, Iran - nur international - IKA<\/option><option value=\"Urmia, Iran - Urmia Airport - OMH\">Urmia, Iran - Flughafen Urmia - OMH<\/option><option value=\"Yasuj, Iran - Yasuj Airport - YES\">Yasuj, Iran - Flughafen Yasuj - JA<\/option><option value=\"Yazd, Iran - Shahid Sadooghi Airport - AZD\">Yazd, Iran - Flughafen Shahid Sadooghi - AZD<\/option><option value=\"Zabol, Iran - Zabol Airport - ACZ\">Zabol, Iran - Flughafen Zabol - ACZ<\/option><option value=\"Zahedan, Iran - Zahedan Airport - ZAH\">Zahedan, Iran - Flughafen Zahedan - ZAH<\/option><option value=\"Zanjan, Iran - Zanjan Airport - JWN\">Zanjan, Iran - Flughafen Zanjan - JWN<\/option><\/select><\/span>\n\t\t\t<\/p>\n\t\t<\/div>\n\t\t<div class=\"form-group\">\n\t\t\t<p><label>Ankunftsort<\/label><span class=\"wpcf7-form-control-wrap\" data-name=\"menu-526\"><select class=\"wpcf7-form-control wpcf7-select wpcf7-validates-as-required\" aria-required=\"true\" aria-invalid=\"false\" name=\"menu-526\"><option value=\"Abadan, Iran - Abadan Int. Airport - ABD\">Abadan, Iran - Abadan Int. Flughafen - ABD<\/option><option value=\"Abu Musa Island, Iran - Abumusa Island Airport - AEU\">Abu Musa Island, Iran - Flughafen Abumusa Island - AEU<\/option><option value=\"Aghajari, Iran - Aghajari Airport - AKW\">Aghajari, Iran - Flughafen Aghajari - AKW<\/option><option value=\"Ahwaz, Iran - Ahwaz Int. Airport - AWZ\">Ahwaz, Iran - Ahwaz Int. Flughafen - AWZ<\/option><option value=\"Arak, Iran - Arak Airport - AJK\">Arak, Iran - Flughafen Arak - AJK<\/option><option value=\"Ardabil, Iran - Ardabil Airport - ADU\">Ardabil, Iran - Flughafen Ardabil - ADU<\/option><option value=\"Asalouyeh, Iran - Persian Gulf Airport - PGU\">Asalouyeh, Iran - Flughafen am Persischen Golf - PGU<\/option><option value=\"Babolsar, Iran - Babolsar Airport - BBL\">Babolsar, Iran - Flughafen Babolsar - BBL<\/option><option value=\"Bam, Iran - Bam Airport - BXR\">Bam, Iran - Flughafen Bam - BXR<\/option><option value=\"Bandar Abbas, Iran - Bandar Abbas Int. Airport - BND\">Bandar Abbas, Iran - Bandar Abbas Int. Flughafen - BND<\/option><option value=\"Bandar Lengeh, Iran - Bandar Lengeh Airport - BDH\">Bandar Lengeh, Iran - Flughafen Bandar Lengeh - BDH<\/option><option value=\"Birjand, Iran - Birjand Int. Airport - XBJ\">Birjand, Iran - Birjand Int. Flughafen - XBJ<\/option><option value=\"Bojnord, Iran - Bojnord Airport - BJB\">Bojnord, Iran - Flughafen Bojnord - BJB<\/option><option value=\"Bushehr, Iran - Bushehr Airport - BUZ\">Bushehr, Iran - Flughafen Bushehr - BUZ<\/option><option value=\"Chabahar, Iran - Konarak Airport - ZBR\">Chabahar, Iran - Flughafen Konarak - ZBR<\/option><option value=\"Dezful, Iran - Dezful Airport - DEF\">Dezful, Iran - Dezful Flughafen - DEF<\/option><option value=\"Fasa, Iran - Fasa Airport - FAZ\">Fasa, Iran - Flughafen Fasa - FAZ<\/option><option value=\"Gachsaran, Iran - Gachsaran Airport - GCH\">Gachsaran, Iran - Flughafen Gachsaran - GCH<\/option><option value=\"Gorgan, Iran - Gorgarn Int. Airport - GBT\">Gorgan, Iran - Gorgarn Int. Flughafen - GBT<\/option><option value=\"Hamedan, Iran - Hamedan Int. Airport - HDM&lt;\">Hamedan, Iran - Hamedan Int. Flughafen - HDM &lt;<\/option><option value=\"Ilaam, Iran - Ilaam Airport - IIL\">Ilaam, Iran - Flughafen Ilaam - IIL<\/option><option value=\"Iranshahr, Iran - Iranshahr Airport - IHR\">Iranshahr, Iran - Flughafen Iranshahr - IHR<\/option><option value=\"Isfahan, Iran - Shahid Beheshti Airport - IFN\">Isfahan, Iran - Flughafen Shahid Beheshti - IFN<\/option><option value=\"Jahrom, Iran - Jahrom Airport - JAR\">Jahrom, Iran - Flughafen Jahrom - JAR<\/option><option value=\"Jiroft, Iran - Jiroft Airport - JYR\">Jiroft, Iran - Flughafen Jiroft - JYR<\/option><option value=\"Kalaleh, Iran - Kalaleh Airport - KLM\">Kalaleh, Iran - Flughafen Kalaleh - KLM<\/option><option value=\"Kangan, Iran - Jam Airport - KNR\">Kangan, Iran - Jam Flughafen - KNR<\/option><option value=\"Kerman, Iran - Kerman Airport - KER\">Kerman, Iran - Flughafen Kerman - KER<\/option><option value=\"Kermanshah, Iran - Shahid Ashrafi Esfahani Airport - KSH\">Kermanshah, Iran - Flughafen Shahid Ashrafi Esfahani - KSH<\/option><option value=\"Kharg Island, IranKharg Airport - KHK\">Kharg Island, IranKharg Flughafen - KHK<\/option><option value=\"Khorramabad, Iran - Khorramabad Airport - KHD\">Khorramabad, Iran - Flughafen Khorramabad - KHD<\/option><option value=\"Khoy, Iran - Khoy Airport - KHY\">Khoy, Iran - Khoy Flughafen - KHY<\/option><option value=\"Kish Island, Iran - Kish Int. Airport - KIH\">Kish Island, Iran - Kish Int. Flughafen - KIH<\/option><option value=\"Lamerd, Iran - Lamerd Airport - LFM\">Lamerd, Iran - Flughafen Lamerd - LFM<\/option><option value=\"Larestan, Iran - Larestan International Airport - LRR\">Larestan, Iran - Larestan Internationaler Flughafen - LRR<\/option><option value=\"Lavan Island, Iran - Lavan Airport - LVP\">Lavan Island, Iran - Flughafen Lavan - LVP<\/option><option value=\"Mahshahr, Iran - Mahshahr Airport - MRX\">Mahshahr, Iran - Flughafen Mahshahr - MRX<\/option><option value=\"Maragheh (Sahand), Iran - Sahand Airport - ACP\">Maragheh (Sahand), Iran - Flughafen Sahand - AKP<\/option><option value=\"Mashhad, Iran - Mashhad International Airport - MHD\">Mashhad, Iran - Internationaler Flughafen Mashhad - MHD<\/option><option value=\"Noshahr, Iran - Noshahr Airport - NSH\">Noshahr, Iran - Flughafen Noshahr - NSH<\/option><option value=\"Parsabad, Iran - Parsabad-Moghan Airport - PFQ\">Parsabad, Iran - Flughafen Parsabad-Moghan - PFQ<\/option><option value=\"Qazvin (Ghazvin), Iran - Qazvin Airport - GZW\">Qazvin (Ghazvin), Iran - Flughafen Qazvin - GZW<\/option><option value=\"Qeshm Island, Iran - Dayrestan Airport - GSM\">Qeshm Island, Iran - Flughafen Dayrestan - GSM<\/option><option value=\"Rafsanjan, Iran - Rafsanjan Airport - RJN\">Rafsanjan, Iran - Flughafen Rafsanjan - RJN<\/option><option value=\"Ramsar, Iran - Ramsar Airport - RZR\">Ramsar, Iran - Flughafen Ramsar - RZR<\/option><option value=\"Rasht, Iran - Rasht Airport - RAS\">Rasht, Iran - Flughafen Rasht - RAS<\/option><option value=\"Sabzevar, Iran - Sabzevar Airport - AFZ\">Sabzevar, Iran - Flughafen Sabzevar - AFZ<\/option><option value=\"Sanandaj, Iran - Sanandaj Airport - SDG\">Sanandaj, Iran - Flughafen Sanandaj - SDG<\/option><option value=\"Sarakhs, Iran - Almas Airport - CKT\">Sarakhs, Iran - Almas Flughafen - CKT<\/option><option value=\"Sari, Iran - Dasht-e Naz Airport - SRY\">Sari, Iran - Flughafen Dasht-e Naz - SRY<\/option><option value=\"Shahrekord, Iran - Shahrekord Int. Airport - CQD\">Shahrekord, Iran - Shahrekord Int. Flughafen - CQD<\/option><option value=\"Shahrood, Iran - Shahrood Airport - RUD\">Shahrood, Iran - Flughafen Shahrood - RUD<\/option><option value=\"Shiraz, Iran - Dastgheib Int. Airport - SYZ\">Shiraz, Iran - Dastgheib Int. Flughafen - SYZ<\/option><option value=\"Sirjan, Iran - Sirjan Airport - SYJ\">Sirjan, Iran - Flughafen Sirjan - SYJ<\/option><option value=\"Sirri Island, Iran - Sirri Airport - SXI\">Sirri Island, Iran - Flughafen Sirri - SXI<\/option><option value=\"Tabas, Iran - Tabas Airport - TCX\">Tabas, Iran - Tabas Flughafen - TCX<\/option><option value=\"Tabriz, Iran - Shahid Madani Airport - TBZ\">Tabriz, Iran - Flughafen Shahid Madani - TBZ<\/option><option value=\"Tehran, Iran - All Airport - IKA\">Teheran, Iran - Alle Flughafen - IKA<\/option><option value=\"Tehran, Iran - Mehrabad Airport - THR\">Teheran, Iran - Mehrabad Flughafen - THR<\/option><option value=\"Tehran, Iran - International Only - IKA\">Teheran, Iran - nur international - IKA<\/option><option value=\"Urmia, Iran - Urmia Airport - OMH\">Urmia, Iran - Flughafen Urmia - OMH<\/option><option value=\"Yasuj, Iran - Yasuj Airport - YES\">Yasuj, Iran - Flughafen Yasuj - JA<\/option><option value=\"Yazd, Iran - Shahid Sadooghi Airport - AZD\">Yazd, Iran - Flughafen Shahid Sadooghi - AZD<\/option><option value=\"Zabol, Iran - Zabol Airport - ACZ\">Zabol, Iran - Flughafen Zabol - ACZ<\/option><option value=\"Zahedan, Iran - Zahedan Airport - ZAH\">Zahedan, Iran - Flughafen Zahedan - ZAH<\/option><option value=\"Zanjan, Iran - Zanjan Airport - JWN\">Zanjan, Iran - Flughafen Zanjan - JWN<\/option><\/select><\/span>\n\t\t\t<\/p>\n\t\t<\/div>\n\t\t<div class=\"form-group\">\n\t\t\t<p><label>Flugtyp<\/label><span class=\"wpcf7-form-control-wrap\" data-name=\"gender\"><span class=\"wpcf7-form-control wpcf7-radio\"><span class=\"wpcf7-list-item first\"><label><span class=\"wpcf7-list-item-label\">Einweg<\/span><input type=\"radio\" name=\"gender\" value=\"One Way\" checked=\"checked\" \/><\/label><\/span><span class=\"wpcf7-list-item last\"><label><span class=\"wpcf7-list-item-label\">Runden<\/span><input type=\"radio\" name=\"gender\" value=\"Round\" \/><\/label><\/span><\/span><\/span>\n\t\t\t<\/p>\n\t\t<\/div>\n\t<\/div>\n\t<div class=\"col-sm-4\">\n\t\t<div class=\"form-group\">\n\t\t\t<p><label>Flugdatum<\/label><span class=\"wpcf7-form-control-wrap\" data-name=\"first-name\"><input size=\"40\" maxlength=\"400\" class=\"wpcf7-form-control wpcf7-text wpcf7-validates-as-required\" aria-required=\"true\" aria-invalid=\"false\" placeholder=\"Jahr Monat Tag\" value=\"\" type=\"text\" name=\"first-name\" \/><\/span>\n\t\t\t<\/p>\n\t\t<\/div>\n\t\t<div class=\"form-group\">\n\t\t\t<p><label>Vollst\u00e4ndiger Name<\/label><span class=\"wpcf7-form-control-wrap\" data-name=\"father-name\"><input size=\"40\" maxlength=\"400\" class=\"wpcf7-form-control wpcf7-text wpcf7-validates-as-required\" aria-required=\"true\" aria-invalid=\"false\" value=\"\" type=\"text\" name=\"father-name\" \/><\/span>\n\t\t\t<\/p>\n\t\t<\/div>\n\t\t<div class=\"form-group\">\n\t\t\t<p><label>Bild des Reisepasses<\/label><span class=\"wpcf7-form-control-wrap\" data-name=\"passport\"><input size=\"40\" class=\"wpcf7-form-control wpcf7-file wpcf7-validates-as-required\" accept=\".jpg\" aria-required=\"true\" aria-invalid=\"false\" type=\"file\" name=\"passport\" \/><\/span>\n\t\t\t<\/p>\n\t\t<\/div>\n\t<\/div>\n\t<div class=\"col-sm-4\">\n\t\t<div class=\"form-group\">\n\t\t\t<p><label>E-Mail-Addresse<\/label><span class=\"wpcf7-form-control-wrap\" data-name=\"first-name\"><input size=\"40\" maxlength=\"400\" class=\"wpcf7-form-control wpcf7-text wpcf7-validates-as-required\" aria-required=\"true\" aria-invalid=\"false\" value=\"\" type=\"text\" name=\"first-name\" \/><\/span>\n\t\t\t<\/p>\n\t\t<\/div>\n\t\t<div class=\"form-group\">\n\t\t\t<p><label>Handynummer<\/label><span class=\"wpcf7-form-control-wrap\" data-name=\"first-name\"><input size=\"40\" maxlength=\"400\" class=\"wpcf7-form-control wpcf7-text wpcf7-validates-as-required\" aria-required=\"true\" aria-invalid=\"false\" value=\"\" type=\"text\" name=\"first-name\" \/><\/span>\n\t\t\t<\/p>\n\t\t<\/div>\n\t<\/div>\n<\/div>\n<div class=\"col-sms-offset-6 col-sm-offset-6 col-md-offset-8 col-lg-offset-9\">\n\t<p><input class=\"wpcf7-form-control wpcf7-submit has-spinner\" type=\"submit\" value=\"einreichen\" \/>\n\t<\/p>\n<\/div><p style=\"display: none !important;\" class=\"akismet-fields-container\" data-prefix=\"_wpcf7_ak_\"><label>&#916;<textarea name=\"_wpcf7_ak_hp_textarea\" cols=\"45\" rows=\"8\" maxlength=\"100\"><\/textarea><\/label><input type=\"hidden\" id=\"ak_js_1\" name=\"_wpcf7_ak_js\" value=\"77\"\/><script>document.getElementById( \"ak_js_1\" ).setAttribute( \"value\", ( new Date() ).getTime() );<\/script><\/p><div class=\"wpcf7-response-output\" aria-hidden=\"true\"><\/div>\n<input type=\"hidden\" name=\"trp-form-language\" value=\"de\"\/><\/form>\n<\/div>\n<\/div>\n<\/div>\n<\/div>","protected":false},"excerpt":{"rendered":"Booking cheap flights between all Iranian Airports &nbsp; Booking a domestic flight in Iran is one of the hardest things\u00a0in arranging a trip to Iran. But this sentence is from the past. Now our flight booking system will help you to arrange a cheap domestic flight in Iran. In this case, you can book your [...]","protected":false},"author":1,"featured_media":0,"parent":11341,"menu_order":0,"comment_status":"closed","ping_status":"closed","template":"","meta":{"wds_primary_category":0,"_joinchat":[],"footnotes":""},"class_list":["post-11320","page","type-page","status-publish","hentry"],"_links":{"self":[{"href":"https:\/\/persiantouring.com\/de\/wp-json\/wp\/v2\/pages\/11320"}],"collection":[{"href":"https:\/\/persiantouring.com\/de\/wp-json\/wp\/v2\/pages"}],"about":[{"href":"https:\/\/persiantouring.com\/de\/wp-json\/wp\/v2\/types\/page"}],"author":[{"embeddable":true,"href":"https:\/\/persiantouring.com\/de\/wp-json\/wp\/v2\/users\/1"}],"replies":[{"embeddable":true,"href":"https:\/\/persiantouring.com\/de\/wp-json\/wp\/v2\/comments?post=11320"}],"version-history":[{"count":0,"href":"https:\/\/persiantouring.com\/de\/wp-json\/wp\/v2\/pages\/11320\/revisions"}],"up":[{"embeddable":true,"href":"https:\/\/persiantouring.com\/de\/wp-json\/wp\/v2\/pages\/11341"}],"wp:attachment":[{"href":"https:\/\/persiantouring.com\/de\/wp-json\/wp\/v2\/media?parent=11320"}],"curies":[{"name":"wp","href":"https:\/\/api.w.org\/{rel}","templated":true}]}}